{"id":11,"date":"2023-07-25T12:19:28","date_gmt":"2023-07-25T12:19:28","guid":{"rendered":"https:\/\/servel.com.br\/?page_id=11"},"modified":"2025-12-04T14:49:32","modified_gmt":"2025-12-04T14:49:32","slug":"quem-somos","status":"publish","type":"page","link":"https:\/\/servel.com.br\/?page_id=11","title":{"rendered":"Quem Somos"},"content":{"rendered":"<div class=\"wpb-content-wrapper\"><p>[vc_section full_width=&#8221;stretch_row&#8221; css=&#8221;.vc_custom_1690474903293{padding-top: 45px !important;padding-bottom: 30px !important;background-color: #ebecf0 !important;}&#8221; conditional_render=&#8221;%5B%7B%22value_role%22%3A%22administrator%22%7D%5D&#8221;][vc_row content_placement=&#8221;middle&#8221; conditional_render=&#8221;%5B%7B%22value_role%22%3A%22administrator%22%7D%5D&#8221;][vc_column width=&#8221;1\/2&#8243; animation_duration=&#8221;1300&#8243; animation_type=&#8221;fadeInLeftBig&#8221; conditional_render=&#8221;%5B%7B%22value_role%22%3A%22administrator%22%7D%5D&#8221;][vc_column_text]<\/p>\n<h1>Quem Somos<\/h1>\n<p>[\/vc_column_text][vc_column_text]A Servel- Sergipe Ve\u00edculos Comerciais Ltda \u00e9 uma empresa que faz parte do Grupo SAMAM, um holding de sucesso que administra empresas de ramos diversos como autom\u00f3veis, caminh\u00f5es, m\u00e1quinas constru\u00e7\u00e3o, agr\u00edcolas e implementos, pneus, agroneg\u00f3cios, energia, biodiesel, a\u00e7\u00facar e aguardente. O grupo representa marcas importantes no mercado mundial, entre elas: Iveco, New Holland Construction, Michelin, Fiat, Jeep, RAM, Dodge, Chrysler Hyundai, Honda.<\/p>\n<p>Fundada em 20 de novembro de 2002 a Servel Ve\u00edculos \u00e9 concession\u00e1ria exclusiva da IVECO, New Holland Construction. Nossa Matriz est\u00e1 localizada \u00e0s margens da Rodovia BR 101, Km 93,4, no munic\u00edpio de Nossa Senhora do Socorro\/SE.<\/p>\n<p>A Servel Ve\u00edculos possui tamb\u00e9m uma Filial localizada na cidade de Itabaiana, regi\u00e3o central do Estado onde comercializamos pneus Michelin e caminh\u00f5es Iveco.<\/p>\n<p>Atende ao mercado da regi\u00e3o nas \u00e1reas de vendas de ve\u00edculos Iveco, M\u00e1quinas New Holland Construction , pe\u00e7as e servi\u00e7os.[\/vc_column_text][\/vc_column][vc_column width=&#8221;1\/2&#8243; animation_duration=&#8221;1300&#8243; animation_type=&#8221;fadeInRightBig&#8221; conditional_render=&#8221;%5B%7B%22value_role%22%3A%22administrator%22%7D%5D&#8221;][vc_single_image image=&#8221;251&#8243; img_size=&#8221;full&#8221; alignment=&#8221;center&#8221;][\/vc_column][\/vc_row][vc_row content_placement=&#8221;middle&#8221; conditional_render=&#8221;%5B%7B%22value_role%22%3A%22administrator%22%7D%5D&#8221;][vc_column width=&#8221;1\/2&#8243; animation_duration=&#8221;1300&#8243; animation_type=&#8221;fadeInLeftBig&#8221; conditional_render=&#8221;%5B%7B%22value_role%22%3A%22administrator%22%7D%5D&#8221; offset=&#8221;vc_hidden-xl vc_hidden-lg vc_hidden-md vc_hidden-sm vc_hidden-xs&#8221;][vc_column_text]<\/p>\n<h1>Quem Somos<\/h1>\n<p>[\/vc_column_text][vc_column_text]A Servel- Sergipe Ve\u00edculos Comerciais Ltda \u00e9 uma empresa que faz parte do Grupo SAMAM, um holding de sucesso que administra empresas de ramos diversos como autom\u00f3veis, caminh\u00f5es, m\u00e1quinas constru\u00e7\u00e3o, agr\u00edcolas e implementos, pneus, agroneg\u00f3cios, energia, biodiesel, a\u00e7\u00facar e aguardente. O grupo representa marcas importantes no mercado mundial, entre elas: Iveco, New Holland Construction, Case Agriculture, Michelin, Fiat, Jeep, RAM, Dodge, Chrysler Hyundai, Honda.<\/p>\n<p>Fundada em 20 de novembro de 2002 a Servel Ve\u00edculos \u00e9 concession\u00e1ria exclusiva da IVECO, CASE Agriculture, New Holland Construction. Nossa Matriz est\u00e1 localizada \u00e0s margens da Rodovia BR 101, Km 93,4, no munic\u00edpio de Nossa Senhora do Socorro\/SE.<\/p>\n<p>A Servel Ve\u00edculos possui tamb\u00e9m uma Filial localizada na cidade de Itabaiana, regi\u00e3o central do Estado onde comercializamos pneus Michelin, Tratores Case Agriculture e caminh\u00f5es Iveco.<\/p>\n<p>Atende ao mercado da regi\u00e3o nas \u00e1reas de vendas de ve\u00edculos Iveco, M\u00e1quinas New Holland Construction , Tratores Case Agriculture, pe\u00e7as e servi\u00e7os.<\/p>\n<p>[\/vc_column_text][\/vc_column][vc_column width=&#8221;1\/2&#8243; animation_duration=&#8221;1300&#8243; animation_type=&#8221;fadeInRightBig&#8221; conditional_render=&#8221;%5B%7B%22value_role%22%3A%22administrator%22%7D%5D&#8221; offset=&#8221;vc_hidden-xl vc_hidden-lg vc_hidden-md vc_hidden-sm vc_hidden-xs&#8221;][vc_single_image image=&#8221;251&#8243; img_size=&#8221;full&#8221; alignment=&#8221;center&#8221;][\/vc_column][\/vc_row][\/vc_section][vc_section full_width=&#8221;stretch_row&#8221; css=&#8221;.vc_custom_1690474944113{padding-top: 45px !important;padding-bottom: 30px !important;background-color: #ebecf0 !important;}&#8221; conditional_render=&#8221;%5B%7B%22value_role%22%3A%22administrator%22%7D%5D&#8221;][vc_row animation_duration=&#8221;1300&#8243; animation_type=&#8221;fadeInUpBig&#8221; conditional_render=&#8221;%5B%7B%22value_role%22%3A%22administrator%22%7D%5D&#8221;][vc_column width=&#8221;1\/3&#8243;]<div class=\"porto-sicon-box card  wpb_custom_c08b50971e0aa11a40c8904488369f60 style_1 top-icon\"><div class=\"porto-sicon-top\"><div class=\"porto-just-icon-wrapper porto-icon none\" style=\"color:#ffffff;font-size:50px;\"><i class=\"fas fa-bullseye\"><\/i><\/div><\/div><div class=\"porto-sicon-header\"><h2 class=\"porto-sicon-title\" style=\"color:#ffffff;\">Miss\u00e3o<\/h2><\/div> <!-- header --><div class=\"porto-sicon-description\" style=\"color:#ffffff;\">Atender as necessidades e satisfa\u00e7\u00e3o dos nossos clientes comprovando o sucesso de nossa equipe e garantindo os objetivos da nossa Pol\u00edtica de Qualidade.<\/div> <!-- description --><\/div><!-- porto-sicon-box -->[\/vc_column][vc_column width=&#8221;1\/3&#8243;]<div class=\"porto-sicon-box card  wpb_custom_c08b50971e0aa11a40c8904488369f60 style_1 top-icon\"><div class=\"porto-sicon-top\"><div class=\"porto-just-icon-wrapper porto-icon none\" style=\"color:#ffffff;font-size:50px;\"><i class=\"far fa-eye\"><\/i><\/div><\/div><div class=\"porto-sicon-header\"><h2 class=\"porto-sicon-title\" style=\"color:#ffffff;\">Vis\u00e3o<\/h2><\/div> <!-- header --><div class=\"porto-sicon-description\" style=\"color:#ffffff;\">Ser referencial em nosso segmento, consolidando a participa\u00e7\u00e3o de mercado e garantindo a lucratividade.<\/div> <!-- description --><\/div><!-- porto-sicon-box -->[\/vc_column][vc_column width=&#8221;1\/3&#8243;]<div class=\"porto-sicon-box card  wpb_custom_c08b50971e0aa11a40c8904488369f60 style_1 top-icon\"><div class=\"porto-sicon-top\"><div class=\"porto-just-icon-wrapper porto-icon none\" style=\"color:#ffffff;font-size:50px;\"><i class=\"fas fa-award\"><\/i><\/div><\/div><div class=\"porto-sicon-header\"><h2 class=\"porto-sicon-title\" style=\"color:#ffffff;\">Valores<\/h2><\/div> <!-- header --><div class=\"porto-sicon-description\" style=\"color:#ffffff;\">Importantes para orientar nossas atitudes e comportamento: Honestidade, Credibilidade, Tradi\u00e7\u00e3o, Qualidade e \u00c9tica.<\/div> <!-- description --><\/div><!-- porto-sicon-box -->[\/vc_column][\/vc_row][\/vc_section]<\/p>\n<\/div>","protected":false},"excerpt":{"rendered":"<p>[vc_section full_width=&#8221;stretch_row&#8221; css=&#8221;.vc_custom_1690474903293{padding-top: 45px !important;padding-bottom: 30px !important;background-color: #ebecf0 !important;}&#8221; conditional_render=&#8221;%5B%7B%22value_role%22%3A%22administrator%22%7D%5D&#8221;][vc_row content_placement=&#8221;middle&#8221; conditional_render=&#8221;%5B%7B%22value_role%22%3A%22administrator%22%7D%5D&#8221;][vc_column width=&#8221;1\/2&#8243; animation_duration=&#8221;1300&#8243; animation_type=&#8221;fadeInLeftBig&#8221; conditional_render=&#8221;%5B%7B%22value_role%22%3A%22administrator%22%7D%5D&#8221;][vc_column_text] Quem Somos [\/vc_column_text][vc_column_text]A Servel- Sergipe Ve\u00edculos Comerciais Ltda \u00e9 uma empresa que faz parte do Grupo SAMAM, um holding de sucesso que administra empresas de ramos diversos como autom\u00f3veis, caminh\u00f5es, m\u00e1quinas constru\u00e7\u00e3o, agr\u00edcolas e implementos, pneus, agroneg\u00f3cios, energia, biodiesel, [&hellip;]<\/p>\n","protected":false},"author":1,"featured_media":0,"parent":0,"menu_order":0,"comment_status":"closed","ping_status":"closed","template":"","meta":{"_acf_changed":false,"footnotes":""},"class_list":["post-11","page","type-page","status-publish","hentry"],"acf":[],"_links":{"self":[{"href":"https:\/\/servel.com.br\/index.php?rest_route=\/wp\/v2\/pages\/11","targetHints":{"allow":["GET"]}}],"collection":[{"href":"https:\/\/servel.com.br\/index.php?rest_route=\/wp\/v2\/pages"}],"about":[{"href":"https:\/\/servel.com.br\/index.php?rest_route=\/wp\/v2\/types\/page"}],"author":[{"embeddable":true,"href":"https:\/\/servel.com.br\/index.php?rest_route=\/wp\/v2\/users\/1"}],"replies":[{"embeddable":true,"href":"https:\/\/servel.com.br\/index.php?rest_route=%2Fwp%2Fv2%2Fcomments&post=11"}],"version-history":[{"count":15,"href":"https:\/\/servel.com.br\/index.php?rest_route=\/wp\/v2\/pages\/11\/revisions"}],"predecessor-version":[{"id":2154,"href":"https:\/\/servel.com.br\/index.php?rest_route=\/wp\/v2\/pages\/11\/revisions\/2154"}],"wp:attachment":[{"href":"https:\/\/servel.com.br\/index.php?rest_route=%2Fwp%2Fv2%2Fmedia&parent=11"}],"curies":[{"name":"wp","href":"https:\/\/api.w.org\/{rel}","templated":true}]}}