{"id":129,"date":"2024-01-15T14:10:03","date_gmt":"2024-01-15T14:10:03","guid":{"rendered":"https:\/\/servel.com.br\/?post_type=product&#038;p=129"},"modified":"2024-11-05T14:17:58","modified_gmt":"2024-11-05T14:17:58","slug":"tector-9-190","status":"publish","type":"product","link":"https:\/\/servel.com.br\/?product=tector-9-190","title":{"rendered":"TECTOR 9-190"},"content":{"rendered":"<p>O IVECO Tector 9-190 \u00e9 um caminh\u00e3o m\u00e9dio vers\u00e1til, projetado para oferecer efici\u00eancia econ\u00f4mica, robustez e conforto em diversas aplica\u00e7\u00f5es. Sua cabine espa\u00e7osa e silenciosa, aliada a recursos como ar-condicionado digital e comandos integrados, proporciona uma experi\u00eancia agrad\u00e1vel ao motorista.<\/p>\n<p>Com adaptabilidade para entregas urbanas, intermunicipais, opera\u00e7\u00f5es agropecu\u00e1rias, constru\u00e7\u00e3o civil e servi\u00e7os p\u00fablicos, o Tector destaca-se em diversas atividades. Sua estrutura refor\u00e7ada, chassi robusto e suspens\u00e3o dianteira com molas semi-el\u00edpticas o tornam ideal para coleta de lixo, transporte de cargas, opera\u00e7\u00f5es de resgate, entre outras.<\/p>\n<p>As op\u00e7\u00f5es de c\u00e2mbio, a economia de combust\u00edvel e a facilidade de manobrabilidade contribuem para seu desempenho. Al\u00e9m disso, atende a demandas espec\u00edficas de setores como constru\u00e7\u00e3o civil, transporte de min\u00e9rios e opera\u00e7\u00f5es agropecu\u00e1rias.<\/p>\n<p>Em resumo, o IVECO Tector 9-190 \u00e9 uma escolha confi\u00e1vel, adapt\u00e1vel e eficiente, oferecendo solu\u00e7\u00f5es vers\u00e1teis para diversas necessidades de transporte e opera\u00e7\u00f5es especializadas.<\/p>\n","protected":false},"excerpt":{"rendered":"<p>O IVECO Tector 9-190 \u00e9 um caminh\u00e3o m\u00e9dio vers\u00e1til, projetado para oferecer efici\u00eancia econ\u00f4mica, robustez e conforto em diversas aplica\u00e7\u00f5es. Sua cabine espa\u00e7osa e silenciosa, aliada a recursos como ar-condicionado digital e comandos integrados, proporciona uma experi\u00eancia agrad\u00e1vel ao motorista. Com adaptabilidade para entregas urbanas, intermunicipais, opera\u00e7\u00f5es agropecu\u00e1rias, constru\u00e7\u00e3o civil e servi\u00e7os p\u00fablicos, o Tector [&hellip;]<\/p>\n","protected":false},"featured_media":1075,"comment_status":"open","ping_status":"closed","template":"","meta":{"_acf_changed":false},"product_brand":[],"product_cat":[32,28],"product_tag":[],"class_list":{"0":"post-129","1":"product","2":"type-product","3":"status-publish","4":"has-post-thumbnail","6":"product_cat-caminhoes-medios","7":"product_cat-iveco","9":"first","10":"instock","11":"shipping-taxable","12":"purchasable","13":"product-type-simple"},"acf":[],"_links":{"self":[{"href":"https:\/\/servel.com.br\/index.php?rest_route=\/wp\/v2\/product\/129","targetHints":{"allow":["GET"]}}],"collection":[{"href":"https:\/\/servel.com.br\/index.php?rest_route=\/wp\/v2\/product"}],"about":[{"href":"https:\/\/servel.com.br\/index.php?rest_route=\/wp\/v2\/types\/product"}],"replies":[{"embeddable":true,"href":"https:\/\/servel.com.br\/index.php?rest_route=%2Fwp%2Fv2%2Fcomments&post=129"}],"wp:featuredmedia":[{"embeddable":true,"href":"https:\/\/servel.com.br\/index.php?rest_route=\/wp\/v2\/media\/1075"}],"wp:attachment":[{"href":"https:\/\/servel.com.br\/index.php?rest_route=%2Fwp%2Fv2%2Fmedia&parent=129"}],"wp:term":[{"taxonomy":"product_brand","embeddable":true,"href":"https:\/\/servel.com.br\/index.php?rest_route=%2Fwp%2Fv2%2Fproduct_brand&post=129"},{"taxonomy":"product_cat","embeddable":true,"href":"https:\/\/servel.com.br\/index.php?rest_route=%2Fwp%2Fv2%2Fproduct_cat&post=129"},{"taxonomy":"product_tag","embeddable":true,"href":"https:\/\/servel.com.br\/index.php?rest_route=%2Fwp%2Fv2%2Fproduct_tag&post=129"}],"curies":[{"name":"wp","href":"https:\/\/api.w.org\/{rel}","templated":true}]}}