{"id":1539,"date":"2024-04-03T15:42:55","date_gmt":"2024-04-03T15:42:55","guid":{"rendered":"https:\/\/servel.com.br\/?post_type=product&#038;p=1539"},"modified":"2024-10-30T19:18:21","modified_gmt":"2024-10-30T19:18:21","slug":"minibus-45-160","status":"publish","type":"product","link":"https:\/\/servel.com.br\/?product=minibus-45-160","title":{"rendered":"MINIBUS 45-160"},"content":{"rendered":"<p>Apresentamos a solu\u00e7\u00e3o ideal para o transporte de passageiros: a nova Mini BusIVECO Daily 45-160 Euro 15+1, uma inova\u00e7\u00e3o que redefine o conceito de efici\u00eancia. Com desempenho MINI no consumo e generosidade BUS no espa\u00e7o, esta \u00e9 a escolha definitiva.<\/p>\n<p>Na vers\u00e3o de fretamento,\u00a0acomoda at\u00e9 15 passageiros, al\u00e9m do motorista. Poltronas fixas, revestimento em courvin e um piso plano garantem conforto e praticidade.<\/p>\n<p>Na vers\u00e3o de turismo, igualmente para 15 passageiros mais o motorista, desfrute de poltronas reclin\u00e1veis, revestimento em tecido, um patamar elevado para uma vis\u00e3o privilegiada e um espa\u00e7oso bagageiro traseiro.<\/p>\n<p>AIveco Daily MINIBUS 45-160 Euro 6 traz a mais recente e vers\u00e1til solu\u00e7\u00e3o do mercado. Esta van \u00e9 a defini\u00e7\u00e3o de adapta\u00e7\u00e3o, projetada para se ajustar perfeitamente a diferentes necessidades de servi\u00e7o. Equipada com atributos de f\u00e1brica que incluem durabilidade, seguran\u00e7a, conforto e robustez, ela destaca-se com firmeza.<\/p>\n<p>O conjunto Powertrain, composto pelo motor, caixa de c\u00e2mbio e eixo traseiro, proporciona uma not\u00e1vel pot\u00eancia nas subidas e agilidade nas arrancadas, tudo isso com um consumo de combust\u00edvel surpreendentemente baixo. Tudo isso \u00e9 cuidadosamente alinhado com a dirigibilidade e ergonomia m\u00e1ximas para o motorista. Al\u00e9m disso, o design foi refinado para combinar eleg\u00e2ncia e funcionalidade de maneira ainda mais marcante.<\/p>\n<p>A resist\u00eancia e a pot\u00eancia dessa m\u00e1quina s\u00e3o inigual\u00e1veis. Gra\u00e7as ao chassi robusto, a Daily Minibus exibe uma for\u00e7a not\u00e1vel, oferecendo agilidade nas cidades e estabilidade nas rodovias.<\/p>\n<p>O exterior pode parecer uma van, mas o interior assemelha-se mais a um micro-\u00f4nibus, repleto de atributos que fazem da Daily Minibus um dos ve\u00edculos mais completos do mercado:<\/p>\n","protected":false},"excerpt":{"rendered":"<p>Apresentamos a solu\u00e7\u00e3o ideal para o transporte de passageiros: a nova Mini BusIVECO Daily 45-160 Euro 15+1, uma inova\u00e7\u00e3o que redefine o conceito de efici\u00eancia. Com desempenho MINI no consumo e generosidade BUS no espa\u00e7o, esta \u00e9 a escolha definitiva. Na vers\u00e3o de fretamento,\u00a0acomoda at\u00e9 15 passageiros, al\u00e9m do motorista. Poltronas fixas, revestimento em courvin [&hellip;]<\/p>\n","protected":false},"featured_media":1541,"comment_status":"open","ping_status":"closed","template":"","meta":{"_acf_changed":false},"product_brand":[],"product_cat":[28,34],"product_tag":[],"class_list":{"0":"post-1539","1":"product","2":"type-product","3":"status-publish","4":"has-post-thumbnail","6":"product_cat-iveco","7":"product_cat-vans-e-minibus","9":"first","10":"instock","11":"shipping-taxable","12":"purchasable","13":"product-type-simple"},"acf":[],"_links":{"self":[{"href":"https:\/\/servel.com.br\/index.php?rest_route=\/wp\/v2\/product\/1539","targetHints":{"allow":["GET"]}}],"collection":[{"href":"https:\/\/servel.com.br\/index.php?rest_route=\/wp\/v2\/product"}],"about":[{"href":"https:\/\/servel.com.br\/index.php?rest_route=\/wp\/v2\/types\/product"}],"replies":[{"embeddable":true,"href":"https:\/\/servel.com.br\/index.php?rest_route=%2Fwp%2Fv2%2Fcomments&post=1539"}],"wp:featuredmedia":[{"embeddable":true,"href":"https:\/\/servel.com.br\/index.php?rest_route=\/wp\/v2\/media\/1541"}],"wp:attachment":[{"href":"https:\/\/servel.com.br\/index.php?rest_route=%2Fwp%2Fv2%2Fmedia&parent=1539"}],"wp:term":[{"taxonomy":"product_brand","embeddable":true,"href":"https:\/\/servel.com.br\/index.php?rest_route=%2Fwp%2Fv2%2Fproduct_brand&post=1539"},{"taxonomy":"product_cat","embeddable":true,"href":"https:\/\/servel.com.br\/index.php?rest_route=%2Fwp%2Fv2%2Fproduct_cat&post=1539"},{"taxonomy":"product_tag","embeddable":true,"href":"https:\/\/servel.com.br\/index.php?rest_route=%2Fwp%2Fv2%2Fproduct_tag&post=1539"}],"curies":[{"name":"wp","href":"https:\/\/api.w.org\/{rel}","templated":true}]}}