{"id":1542,"date":"2024-04-03T15:42:55","date_gmt":"2024-04-03T15:42:55","guid":{"rendered":"https:\/\/servel.com.br\/?post_type=product&#038;p=1542"},"modified":"2024-04-03T15:42:55","modified_gmt":"2024-04-03T15:42:55","slug":"minibus-50-180","status":"publish","type":"product","link":"https:\/\/servel.com.br\/?product=minibus-50-180","title":{"rendered":"MINIBUS 50-180"},"content":{"rendered":"<p>Apresentando a Daily Mini Bus 50-180 Euro 6: O Equil\u00edbrio Perfeito para Fretamento e Turismo<\/p>\n<p>A Daily Mini Bus 50-180 Euro 6 \u00e9 a solu\u00e7\u00e3o ideal para o transporte de fretamento e turismo no Rio de Janeiro. Com capacidade para 20 passageiros + motorista na vers\u00e3o de fretamento e 18 passageiros + motorista na vers\u00e3o de turismo, ela oferece flexibilidade e conforto incompar\u00e1veis.<\/p>\n<p><strong>**Vers\u00e3o de Fretamento**<\/strong><br \/>\nCom 20 poltronas fixas, revestimento em couro sint\u00e9tico e piso plano, a vers\u00e3o de fretamento proporciona conforto duradouro aos passageiros.<\/p>\n<p><strong>**Vers\u00e3o de Turismo**<\/strong><br \/>\nNa vers\u00e3o de turismo, s\u00e3o oferecidas 18 poltronas reclin\u00e1veis com revestimento em tecido, um patamar elevado para uma melhor visibilidade e um bagageiro traseiro espa\u00e7oso para atender \u00e0s necessidades de viagens mais longas.<\/p>\n<p>A Iveco Daily Mini Bus 50-180 Euro 6 representa a mais recente solu\u00e7\u00e3o no mercado de vans. Projetada para oferecer flexibilidade no espa\u00e7o interno, ela j\u00e1 sai de f\u00e1brica com diferenciais not\u00e1veis, incluindo durabilidade, seguran\u00e7a, conforto e robustez.<\/p>\n<p>O conjunto Powertrain, composto pelo motor, caixa de c\u00e2mbio e eixo traseiro, proporciona um desempenho excepcional, oferecendo for\u00e7a extra em subidas e agilidade nas sa\u00eddas, mantendo o consumo de combust\u00edvel m\u00ednimo e maximizando a dirigibilidade e ergonomia para o motorista. Al\u00e9m disso, o design foi refinado, mantendo a funcionalidade e adicionando um toque de eleg\u00e2ncia.<\/p>\n<p><strong>For\u00e7a e Confiabilidade<\/strong><\/p>\n<p>As trocas de marcha s\u00e3o suaves, enquanto a pot\u00eancia \u00e9 not\u00e1vel. A Daily Mini Bus, constru\u00edda sobre um chassi resistente, oferece a for\u00e7a e a confiabilidade necess\u00e1rias. Isso se traduz em agilidade nas cidades e estabilidade nas rodovias.<\/p>\n<p>Externamente uma van, internamente um micro-\u00f4nibus<\/p>\n<p>Explore todos os atributos que tornam a Daily Mini Bus 50-180 Euro 6 uma das op\u00e7\u00f5es mais completas no mercado:<\/p>\n","protected":false},"excerpt":{"rendered":"<p>Apresentando a Daily Mini Bus 50-180 Euro 6: O Equil\u00edbrio Perfeito para Fretamento e Turismo A Daily Mini Bus 50-180 Euro 6 \u00e9 a solu\u00e7\u00e3o ideal para o transporte de fretamento e turismo no Rio de Janeiro. Com capacidade para 20 passageiros + motorista na vers\u00e3o de fretamento e 18 passageiros + motorista na vers\u00e3o [&hellip;]<\/p>\n","protected":false},"featured_media":1544,"comment_status":"open","ping_status":"closed","template":"","meta":{"_acf_changed":false},"product_brand":[],"product_cat":[28,34],"product_tag":[],"class_list":{"0":"post-1542","1":"product","2":"type-product","3":"status-publish","4":"has-post-thumbnail","6":"product_cat-iveco","7":"product_cat-vans-e-minibus","9":"first","10":"instock","11":"shipping-taxable","12":"purchasable","13":"product-type-simple"},"acf":[],"_links":{"self":[{"href":"https:\/\/servel.com.br\/index.php?rest_route=\/wp\/v2\/product\/1542","targetHints":{"allow":["GET"]}}],"collection":[{"href":"https:\/\/servel.com.br\/index.php?rest_route=\/wp\/v2\/product"}],"about":[{"href":"https:\/\/servel.com.br\/index.php?rest_route=\/wp\/v2\/types\/product"}],"replies":[{"embeddable":true,"href":"https:\/\/servel.com.br\/index.php?rest_route=%2Fwp%2Fv2%2Fcomments&post=1542"}],"wp:featuredmedia":[{"embeddable":true,"href":"https:\/\/servel.com.br\/index.php?rest_route=\/wp\/v2\/media\/1544"}],"wp:attachment":[{"href":"https:\/\/servel.com.br\/index.php?rest_route=%2Fwp%2Fv2%2Fmedia&parent=1542"}],"wp:term":[{"taxonomy":"product_brand","embeddable":true,"href":"https:\/\/servel.com.br\/index.php?rest_route=%2Fwp%2Fv2%2Fproduct_brand&post=1542"},{"taxonomy":"product_cat","embeddable":true,"href":"https:\/\/servel.com.br\/index.php?rest_route=%2Fwp%2Fv2%2Fproduct_cat&post=1542"},{"taxonomy":"product_tag","embeddable":true,"href":"https:\/\/servel.com.br\/index.php?rest_route=%2Fwp%2Fv2%2Fproduct_tag&post=1542"}],"curies":[{"name":"wp","href":"https:\/\/api.w.org\/{rel}","templated":true}]}}