{"id":1619,"date":"2024-04-03T15:42:56","date_gmt":"2024-04-03T15:42:56","guid":{"rendered":"https:\/\/servel.com.br\/?post_type=product&#038;p=1619"},"modified":"2024-04-03T15:42:56","modified_gmt":"2024-04-03T15:42:56","slug":"rolo-v110pd","status":"publish","type":"product","link":"https:\/\/servel.com.br\/?product=rolo-v110pd","title":{"rendered":"Rolo V110PD"},"content":{"rendered":"<p>O New Holland V110 apresenta um cap\u00f4 bascul\u00e1vel que proporciona total acessibilidade aos itens de servi\u00e7o e manuten\u00e7\u00e3o, facilitando as inspe\u00e7\u00f5es que podem ser realizadas no n\u00edvel do solo, visando melhorar a ergonomia. Todas as tr\u00eas vers\u00f5es v\u00eam equipadas com uma cabine de estrutura robusta para garantir a prote\u00e7\u00e3o do operador.<\/p>\n<p><strong>Motor<\/strong><\/p>\n<p>Este compactador \u00e9 equipado com o motor FPT S8000 de 3.9 litros turboalimentado. O propulsor oferece pot\u00eancias que variam de 101 cv para a vers\u00e3o de cabine aberta a 111 cv para o modelo de cabine fechada. Al\u00e9m disso, o torque pode atingir at\u00e9 45,37 kgfm, dependendo da vers\u00e3o.<\/p>\n<p><strong>Ficha t\u00e9cnica:<\/strong><\/p>\n<ul>\n<li>Modelo: New Holland V110<\/li>\n<li>Peso operacional: 12.450 kg<\/li>\n<li>Motor: FPT S8000, de 100 hp a 110 hp a 2.200 rpm<\/li>\n<li>Transmiss\u00e3o: Hidrost\u00e1tica<\/li>\n<li>Amplitude: 0,8 mm a 1,8 mm<\/li>\n<li>Frequ\u00eancia: 31 a 34 Hz<\/li>\n<li>Articula\u00e7\u00e3o do cilindro:\n<ul>\n<li>\u00c2ngulo de dire\u00e7\u00e3o +\/-37\u00b0<\/li>\n<li>Oscila\u00e7\u00e3o do tambor +\/- 15\u00b0<\/li>\n<\/ul>\n<\/li>\n<li>For\u00e7a m\u00e1xima aplicada: 33.680 kg<\/li>\n<li>Tambor: liso e com kit Pata de Carneiro, com ou sem tra\u00e7\u00e3o dianteira<\/li>\n<\/ul>\n","protected":false},"excerpt":{"rendered":"<p>O New Holland V110 apresenta um cap\u00f4 bascul\u00e1vel que proporciona total acessibilidade aos itens de servi\u00e7o e manuten\u00e7\u00e3o, facilitando as inspe\u00e7\u00f5es que podem ser realizadas no n\u00edvel do solo, visando melhorar a ergonomia. Todas as tr\u00eas vers\u00f5es v\u00eam equipadas com uma cabine de estrutura robusta para garantir a prote\u00e7\u00e3o do operador. Motor Este compactador \u00e9 [&hellip;]<\/p>\n","protected":false},"featured_media":1621,"comment_status":"open","ping_status":"closed","template":"","meta":{"_acf_changed":false},"product_brand":[],"product_cat":[48,30],"product_tag":[],"class_list":{"0":"post-1619","1":"product","2":"type-product","3":"status-publish","4":"has-post-thumbnail","6":"product_cat-rolos","7":"product_cat-new-holland","9":"first","10":"instock","11":"shipping-taxable","12":"purchasable","13":"product-type-simple"},"acf":[],"_links":{"self":[{"href":"https:\/\/servel.com.br\/index.php?rest_route=\/wp\/v2\/product\/1619","targetHints":{"allow":["GET"]}}],"collection":[{"href":"https:\/\/servel.com.br\/index.php?rest_route=\/wp\/v2\/product"}],"about":[{"href":"https:\/\/servel.com.br\/index.php?rest_route=\/wp\/v2\/types\/product"}],"replies":[{"embeddable":true,"href":"https:\/\/servel.com.br\/index.php?rest_route=%2Fwp%2Fv2%2Fcomments&post=1619"}],"wp:featuredmedia":[{"embeddable":true,"href":"https:\/\/servel.com.br\/index.php?rest_route=\/wp\/v2\/media\/1621"}],"wp:attachment":[{"href":"https:\/\/servel.com.br\/index.php?rest_route=%2Fwp%2Fv2%2Fmedia&parent=1619"}],"wp:term":[{"taxonomy":"product_brand","embeddable":true,"href":"https:\/\/servel.com.br\/index.php?rest_route=%2Fwp%2Fv2%2Fproduct_brand&post=1619"},{"taxonomy":"product_cat","embeddable":true,"href":"https:\/\/servel.com.br\/index.php?rest_route=%2Fwp%2Fv2%2Fproduct_cat&post=1619"},{"taxonomy":"product_tag","embeddable":true,"href":"https:\/\/servel.com.br\/index.php?rest_route=%2Fwp%2Fv2%2Fproduct_tag&post=1619"}],"curies":[{"name":"wp","href":"https:\/\/api.w.org\/{rel}","templated":true}]}}