{"id":1669,"date":"2024-03-20T15:54:27","date_gmt":"2024-03-20T15:54:27","guid":{"rendered":"https:\/\/servel.com.br\/?post_type=product&#038;p=1669"},"modified":"2024-04-05T11:35:01","modified_gmt":"2024-04-05T11:35:01","slug":"covezi-embreagem-stralis","status":"publish","type":"product","link":"https:\/\/servel.com.br\/?product=covezi-embreagem-stralis","title":{"rendered":"Embreagem stralis"},"content":{"rendered":"<p>A embreagem do IVECO Stralis \u00e9 um componente essencial do sistema de transmiss\u00e3o, respons\u00e1vel por transmitir a pot\u00eancia do motor para a transmiss\u00e3o e, eventualmente, para as rodas do ve\u00edculo. Ela permite que o motor seja desacoplado temporariamente da transmiss\u00e3o para que as mudan\u00e7as de marcha possam ser feitas suavemente, sem interromper o fluxo de energia.<\/p>\n<p>A embreagem do Stralis \u00e9 projetada para oferecer durabilidade e desempenho confi\u00e1vel, mesmo em condi\u00e7\u00f5es de uso intensivo. Ela \u00e9 composta por v\u00e1rios elementos, incluindo um disco de embreagem, um plat\u00f4 de press\u00e3o e um rolamento de libera\u00e7\u00e3o, que trabalham juntos para garantir um engate suave e eficiente das marchas.<\/p>\n<p>Como parte de um programa de manuten\u00e7\u00e3o preventiva, \u00e9 importante verificar regularmente a embreagem do Stralis para garantir que esteja em boas condi\u00e7\u00f5es de funcionamento. Sinais de desgaste excessivo, como patinagem da embreagem, dificuldade em engatar as marchas ou vibra\u00e7\u00f5es anormais, podem indicar a necessidade de substitui\u00e7\u00e3o ou ajuste da embreagem.<\/p>\n<p>Ao substituir a embreagem do IVECO Stralis, \u00e9 essencial utilizar pe\u00e7as genu\u00ednas ou de qualidade equivalente, garantindo assim um desempenho confi\u00e1vel e durabilidade a longo prazo. Isso assegurar\u00e1 que o ve\u00edculo mantenha sua capacidade de operar de forma eficiente e segura em uma variedade de condi\u00e7\u00f5es de condu\u00e7\u00e3o.<\/p>\n","protected":false},"excerpt":{"rendered":"<p>A embreagem do IVECO Stralis \u00e9 um componente essencial do sistema de transmiss\u00e3o, respons\u00e1vel por transmitir a pot\u00eancia do motor para a transmiss\u00e3o e, eventualmente, para as rodas do ve\u00edculo. Ela permite que o motor seja desacoplado temporariamente da transmiss\u00e3o para que as mudan\u00e7as de marcha possam ser feitas suavemente, sem interromper o fluxo de [&hellip;]<\/p>\n","protected":false},"featured_media":1675,"comment_status":"open","ping_status":"closed","template":"","meta":{"_acf_changed":false},"product_brand":[],"product_cat":[64,65,68],"product_tag":[],"class_list":{"0":"post-1669","1":"product","2":"type-product","3":"status-publish","4":"has-post-thumbnail","6":"product_cat-pecas","7":"product_cat-pecas-iveco","8":"product_cat-pecas-originais-iveco","10":"first","11":"instock","12":"shipping-taxable","13":"product-type-simple"},"acf":[],"_links":{"self":[{"href":"https:\/\/servel.com.br\/index.php?rest_route=\/wp\/v2\/product\/1669","targetHints":{"allow":["GET"]}}],"collection":[{"href":"https:\/\/servel.com.br\/index.php?rest_route=\/wp\/v2\/product"}],"about":[{"href":"https:\/\/servel.com.br\/index.php?rest_route=\/wp\/v2\/types\/product"}],"replies":[{"embeddable":true,"href":"https:\/\/servel.com.br\/index.php?rest_route=%2Fwp%2Fv2%2Fcomments&post=1669"}],"wp:featuredmedia":[{"embeddable":true,"href":"https:\/\/servel.com.br\/index.php?rest_route=\/wp\/v2\/media\/1675"}],"wp:attachment":[{"href":"https:\/\/servel.com.br\/index.php?rest_route=%2Fwp%2Fv2%2Fmedia&parent=1669"}],"wp:term":[{"taxonomy":"product_brand","embeddable":true,"href":"https:\/\/servel.com.br\/index.php?rest_route=%2Fwp%2Fv2%2Fproduct_brand&post=1669"},{"taxonomy":"product_cat","embeddable":true,"href":"https:\/\/servel.com.br\/index.php?rest_route=%2Fwp%2Fv2%2Fproduct_cat&post=1669"},{"taxonomy":"product_tag","embeddable":true,"href":"https:\/\/servel.com.br\/index.php?rest_route=%2Fwp%2Fv2%2Fproduct_tag&post=1669"}],"curies":[{"name":"wp","href":"https:\/\/api.w.org\/{rel}","templated":true}]}}