{"id":167,"date":"2023-07-26T14:18:08","date_gmt":"2023-07-26T14:18:08","guid":{"rendered":"https:\/\/servel.com.br\/?post_type=product&#038;p=167"},"modified":"2024-01-26T01:14:55","modified_gmt":"2024-01-26T01:14:55","slug":"retroescavadeira-b80c","status":"publish","type":"product","link":"https:\/\/servel.com.br\/?product=retroescavadeira-b80c","title":{"rendered":"Retroescavadeira B80C"},"content":{"rendered":"<p>A Retroescavadeira B80C, da New Holland Construction, destaca-se pela tradi\u00e7\u00e3o da marca, oferecendo uma ampla cabine ROPS\/FOPS, vidro frontal laminado, alta for\u00e7a de escava\u00e7\u00e3o, e motor FPT TIER3, com certifica\u00e7\u00e3o Tier III para baixas emiss\u00f5es. <\/p>\n<p>Seus atributos incluem altura de descarga m\u00e1xima privilegiada com os bra\u00e7os SLA, fun\u00e7\u00e3o Declutch para direcionamento de maior pot\u00eancia ao hidr\u00e1ulico, e pot\u00eancia e altura do chassi ao solo diferenciadas para superar obst\u00e1culos off-road em condi\u00e7\u00e3o de carga.<\/p>\n<p>Al\u00e9m disso, a retroescavadeira apresenta ciclos r\u00e1pidos, movimentos simult\u00e2neos do bra\u00e7o e concha, for\u00e7a de desagrega\u00e7\u00e3o entre as maiores do mercado e \u00e9 ideal para abertura de valas ou escava\u00e7\u00f5es de alto desempenho. <\/p>\n<p>Seu novo cap\u00f4 com abertura ampla proporciona acesso r\u00e1pido, enquanto os vidros frontais laminados, 2 portas e HVAC de s\u00e9rie contribuem para o conforto do operador.<\/p>\n","protected":false},"excerpt":{"rendered":"<p>A Retroescavadeira B80C, da New Holland Construction, destaca-se pela tradi\u00e7\u00e3o da marca, oferecendo uma ampla cabine ROPS\/FOPS, vidro frontal laminado, alta for\u00e7a de escava\u00e7\u00e3o, e motor FPT TIER3, com certifica\u00e7\u00e3o Tier III para baixas emiss\u00f5es. Seus atributos incluem altura de descarga m\u00e1xima privilegiada com os bra\u00e7os SLA, fun\u00e7\u00e3o Declutch para direcionamento de maior pot\u00eancia ao [&hellip;]<\/p>\n","protected":false},"featured_media":1017,"comment_status":"open","ping_status":"closed","template":"","meta":{"_acf_changed":false},"product_brand":[],"product_cat":[30,36],"product_tag":[],"class_list":{"0":"post-167","1":"product","2":"type-product","3":"status-publish","4":"has-post-thumbnail","6":"product_cat-new-holland","7":"product_cat-retroescavadeiras","9":"first","10":"instock","11":"shipping-taxable","12":"purchasable","13":"product-type-simple"},"acf":[],"_links":{"self":[{"href":"https:\/\/servel.com.br\/index.php?rest_route=\/wp\/v2\/product\/167","targetHints":{"allow":["GET"]}}],"collection":[{"href":"https:\/\/servel.com.br\/index.php?rest_route=\/wp\/v2\/product"}],"about":[{"href":"https:\/\/servel.com.br\/index.php?rest_route=\/wp\/v2\/types\/product"}],"replies":[{"embeddable":true,"href":"https:\/\/servel.com.br\/index.php?rest_route=%2Fwp%2Fv2%2Fcomments&post=167"}],"wp:featuredmedia":[{"embeddable":true,"href":"https:\/\/servel.com.br\/index.php?rest_route=\/wp\/v2\/media\/1017"}],"wp:attachment":[{"href":"https:\/\/servel.com.br\/index.php?rest_route=%2Fwp%2Fv2%2Fmedia&parent=167"}],"wp:term":[{"taxonomy":"product_brand","embeddable":true,"href":"https:\/\/servel.com.br\/index.php?rest_route=%2Fwp%2Fv2%2Fproduct_brand&post=167"},{"taxonomy":"product_cat","embeddable":true,"href":"https:\/\/servel.com.br\/index.php?rest_route=%2Fwp%2Fv2%2Fproduct_cat&post=167"},{"taxonomy":"product_tag","embeddable":true,"href":"https:\/\/servel.com.br\/index.php?rest_route=%2Fwp%2Fv2%2Fproduct_tag&post=167"}],"curies":[{"name":"wp","href":"https:\/\/api.w.org\/{rel}","templated":true}]}}