{"id":1680,"date":"2024-03-20T15:56:39","date_gmt":"2024-03-20T15:56:39","guid":{"rendered":"https:\/\/servel.com.br\/?post_type=product&#038;p=1680"},"modified":"2024-04-05T11:35:12","modified_gmt":"2024-04-05T11:35:12","slug":"farol-esquerdo-daily","status":"publish","type":"product","link":"https:\/\/servel.com.br\/?product=farol-esquerdo-daily","title":{"rendered":"Farol esquerdo daily"},"content":{"rendered":"<p>O farol esquerdo do IVECO Daily desempenha um papel fundamental na seguran\u00e7a e na visibilidade do ve\u00edculo, especialmente durante a noite ou em condi\u00e7\u00f5es de baixa luminosidade. Como parte do sistema de ilumina\u00e7\u00e3o, ele permite que o motorista veja claramente a estrada e seja visto por outros usu\u00e1rios da via.<\/p>\n<p>Os far\u00f3is do IVECO Daily s\u00e3o projetados para oferecer durabilidade e desempenho confi\u00e1vel, mesmo em condi\u00e7\u00f5es adversas de uso. Eles geralmente s\u00e3o constru\u00eddos com materiais resistentes e vedados para proteger contra a entrada de umidade e poeira. Al\u00e9m disso, sua instala\u00e7\u00e3o e alinhamento adequados s\u00e3o essenciais para garantir que proporcionem uma ilumina\u00e7\u00e3o eficaz e que estejam em conformidade com os regulamentos de tr\u00e2nsito.<\/p>\n<p>Ao substituir o farol esquerdo do IVECO Daily, \u00e9 importante adquirir pe\u00e7as genu\u00ednas ou de qualidade equivalente para garantir um encaixe perfeito e um desempenho confi\u00e1vel. Isso assegurar\u00e1 que o ve\u00edculo permane\u00e7a seguro e em conformidade com os padr\u00f5es de seguran\u00e7a rodovi\u00e1ria.<\/p>\n","protected":false},"excerpt":{"rendered":"<p>O farol esquerdo do IVECO Daily desempenha um papel fundamental na seguran\u00e7a e na visibilidade do ve\u00edculo, especialmente durante a noite ou em condi\u00e7\u00f5es de baixa luminosidade. Como parte do sistema de ilumina\u00e7\u00e3o, ele permite que o motorista veja claramente a estrada e seja visto por outros usu\u00e1rios da via. Os far\u00f3is do IVECO Daily [&hellip;]<\/p>\n","protected":false},"featured_media":1672,"comment_status":"open","ping_status":"closed","template":"","meta":{"_acf_changed":false},"product_brand":[],"product_cat":[64,65,68],"product_tag":[],"class_list":{"0":"post-1680","1":"product","2":"type-product","3":"status-publish","4":"has-post-thumbnail","6":"product_cat-pecas","7":"product_cat-pecas-iveco","8":"product_cat-pecas-originais-iveco","10":"first","11":"instock","12":"shipping-taxable","13":"product-type-simple"},"acf":[],"_links":{"self":[{"href":"https:\/\/servel.com.br\/index.php?rest_route=\/wp\/v2\/product\/1680","targetHints":{"allow":["GET"]}}],"collection":[{"href":"https:\/\/servel.com.br\/index.php?rest_route=\/wp\/v2\/product"}],"about":[{"href":"https:\/\/servel.com.br\/index.php?rest_route=\/wp\/v2\/types\/product"}],"replies":[{"embeddable":true,"href":"https:\/\/servel.com.br\/index.php?rest_route=%2Fwp%2Fv2%2Fcomments&post=1680"}],"wp:featuredmedia":[{"embeddable":true,"href":"https:\/\/servel.com.br\/index.php?rest_route=\/wp\/v2\/media\/1672"}],"wp:attachment":[{"href":"https:\/\/servel.com.br\/index.php?rest_route=%2Fwp%2Fv2%2Fmedia&parent=1680"}],"wp:term":[{"taxonomy":"product_brand","embeddable":true,"href":"https:\/\/servel.com.br\/index.php?rest_route=%2Fwp%2Fv2%2Fproduct_brand&post=1680"},{"taxonomy":"product_cat","embeddable":true,"href":"https:\/\/servel.com.br\/index.php?rest_route=%2Fwp%2Fv2%2Fproduct_cat&post=1680"},{"taxonomy":"product_tag","embeddable":true,"href":"https:\/\/servel.com.br\/index.php?rest_route=%2Fwp%2Fv2%2Fproduct_tag&post=1680"}],"curies":[{"name":"wp","href":"https:\/\/api.w.org\/{rel}","templated":true}]}}