{"id":1806,"date":"2024-04-04T16:56:29","date_gmt":"2024-04-04T16:56:29","guid":{"rendered":"https:\/\/servel.com.br\/?post_type=product&#038;p=1806"},"modified":"2024-04-05T11:36:17","modified_gmt":"2024-04-05T11:36:17","slug":"filtro-oleo-np","status":"publish","type":"product","link":"https:\/\/servel.com.br\/?product=filtro-oleo-np","title":{"rendered":"Filtro \u00d3leo NP"},"content":{"rendered":"<p>O filtro de \u00f3leo NP da Nexpro \u00e9 um componente fundamental no sistema de filtragem de \u00f3leo de motores. Projetado para ve\u00edculos comerciais e industriais, como caminh\u00f5es, \u00f4nibus e equipamentos pesados, o filtro de \u00f3leo NP da Nexpro \u00e9 constru\u00eddo para oferecer uma filtragem eficaz e confi\u00e1vel.<\/p>\n<p>Este filtro \u00e9 projetado para capturar part\u00edculas de sujeira, detritos e outras impurezas que podem estar presentes no \u00f3leo do motor. Ao fazer isso, ele ajuda a proteger o motor contra o desgaste prematuro e a contamina\u00e7\u00e3o, garantindo um funcionamento suave e confi\u00e1vel ao longo do tempo.<\/p>\n<p>Al\u00e9m disso, o filtro de \u00f3leo NP da Nexpro \u00e9 fabricado com materiais de alta qualidade e constru\u00e7\u00e3o robusta, garantindo sua durabilidade e desempenho em condi\u00e7\u00f5es de opera\u00e7\u00e3o exigentes. Substituir o filtro de \u00f3leo regularmente, de acordo com as recomenda\u00e7\u00f5es do fabricante do ve\u00edculo, \u00e9 essencial para manter a qualidade do \u00f3leo e prolongar a vida \u00fatil do motor.<\/p>\n<p>Com o filtro de \u00f3leo NP da Nexpro, os propriet\u00e1rios de ve\u00edculos comerciais e industriais podem ter a tranquilidade de saber que est\u00e3o protegendo seu investimento e garantindo um desempenho confi\u00e1vel do motor ao longo do tempo.<\/p>\n","protected":false},"excerpt":{"rendered":"<p>O filtro de \u00f3leo NP da Nexpro \u00e9 um componente fundamental no sistema de filtragem de \u00f3leo de motores. Projetado para ve\u00edculos comerciais e industriais, como caminh\u00f5es, \u00f4nibus e equipamentos pesados, o filtro de \u00f3leo NP da Nexpro \u00e9 constru\u00eddo para oferecer uma filtragem eficaz e confi\u00e1vel. Este filtro \u00e9 projetado para capturar part\u00edculas de [&hellip;]<\/p>\n","protected":false},"featured_media":1820,"comment_status":"open","ping_status":"closed","template":"","meta":{"_acf_changed":false},"product_brand":[],"product_cat":[69,64,65],"product_tag":[],"class_list":{"0":"post-1806","1":"product","2":"type-product","3":"status-publish","4":"has-post-thumbnail","6":"product_cat-nexpro","7":"product_cat-pecas","8":"product_cat-pecas-iveco","10":"first","11":"instock","12":"shipping-taxable","13":"product-type-simple"},"acf":[],"_links":{"self":[{"href":"https:\/\/servel.com.br\/index.php?rest_route=\/wp\/v2\/product\/1806","targetHints":{"allow":["GET"]}}],"collection":[{"href":"https:\/\/servel.com.br\/index.php?rest_route=\/wp\/v2\/product"}],"about":[{"href":"https:\/\/servel.com.br\/index.php?rest_route=\/wp\/v2\/types\/product"}],"replies":[{"embeddable":true,"href":"https:\/\/servel.com.br\/index.php?rest_route=%2Fwp%2Fv2%2Fcomments&post=1806"}],"wp:featuredmedia":[{"embeddable":true,"href":"https:\/\/servel.com.br\/index.php?rest_route=\/wp\/v2\/media\/1820"}],"wp:attachment":[{"href":"https:\/\/servel.com.br\/index.php?rest_route=%2Fwp%2Fv2%2Fmedia&parent=1806"}],"wp:term":[{"taxonomy":"product_brand","embeddable":true,"href":"https:\/\/servel.com.br\/index.php?rest_route=%2Fwp%2Fv2%2Fproduct_brand&post=1806"},{"taxonomy":"product_cat","embeddable":true,"href":"https:\/\/servel.com.br\/index.php?rest_route=%2Fwp%2Fv2%2Fproduct_cat&post=1806"},{"taxonomy":"product_tag","embeddable":true,"href":"https:\/\/servel.com.br\/index.php?rest_route=%2Fwp%2Fv2%2Fproduct_tag&post=1806"}],"curies":[{"name":"wp","href":"https:\/\/api.w.org\/{rel}","templated":true}]}}