{"id":1832,"date":"2024-04-04T18:31:21","date_gmt":"2024-04-04T18:31:21","guid":{"rendered":"https:\/\/servel.com.br\/?post_type=product&#038;p=1832"},"modified":"2024-04-05T11:25:35","modified_gmt":"2024-04-05T11:25:35","slug":"respiro","status":"publish","type":"product","link":"https:\/\/servel.com.br\/?product=respiro","title":{"rendered":"Respiro"},"content":{"rendered":"<p>O Respiro New Holland\u00a0 \u00e9 um componente essencial em muitos equipamentos da marca. Respons\u00e1vel por regular a press\u00e3o interna do sistema, esse respiro garante um funcionamento suave e eficiente. Com sua constru\u00e7\u00e3o robusta e confi\u00e1vel, o Respiro New Holland \u00e9 uma pe\u00e7a fundamental para garantir o desempenho e a durabilidade dos equipamentos agr\u00edcolas e de constru\u00e7\u00e3o da New Holland.<\/p>\n","protected":false},"excerpt":{"rendered":"<p>O Respiro New Holland\u00a0 \u00e9 um componente essencial em muitos equipamentos da marca. Respons\u00e1vel por regular a press\u00e3o interna do sistema, esse respiro garante um funcionamento suave e eficiente. Com sua constru\u00e7\u00e3o robusta e confi\u00e1vel, o Respiro New Holland \u00e9 uma pe\u00e7a fundamental para garantir o desempenho e a durabilidade dos equipamentos agr\u00edcolas e de [&hellip;]<\/p>\n","protected":false},"featured_media":1830,"comment_status":"open","ping_status":"closed","template":"","meta":{"_acf_changed":false},"product_brand":[],"product_cat":[64,67],"product_tag":[],"class_list":{"0":"post-1832","1":"product","2":"type-product","3":"status-publish","4":"has-post-thumbnail","6":"product_cat-pecas","7":"product_cat-peca-new-holland","9":"first","10":"instock","11":"shipping-taxable","12":"product-type-simple"},"acf":[],"_links":{"self":[{"href":"https:\/\/servel.com.br\/index.php?rest_route=\/wp\/v2\/product\/1832","targetHints":{"allow":["GET"]}}],"collection":[{"href":"https:\/\/servel.com.br\/index.php?rest_route=\/wp\/v2\/product"}],"about":[{"href":"https:\/\/servel.com.br\/index.php?rest_route=\/wp\/v2\/types\/product"}],"replies":[{"embeddable":true,"href":"https:\/\/servel.com.br\/index.php?rest_route=%2Fwp%2Fv2%2Fcomments&post=1832"}],"wp:featuredmedia":[{"embeddable":true,"href":"https:\/\/servel.com.br\/index.php?rest_route=\/wp\/v2\/media\/1830"}],"wp:attachment":[{"href":"https:\/\/servel.com.br\/index.php?rest_route=%2Fwp%2Fv2%2Fmedia&parent=1832"}],"wp:term":[{"taxonomy":"product_brand","embeddable":true,"href":"https:\/\/servel.com.br\/index.php?rest_route=%2Fwp%2Fv2%2Fproduct_brand&post=1832"},{"taxonomy":"product_cat","embeddable":true,"href":"https:\/\/servel.com.br\/index.php?rest_route=%2Fwp%2Fv2%2Fproduct_cat&post=1832"},{"taxonomy":"product_tag","embeddable":true,"href":"https:\/\/servel.com.br\/index.php?rest_route=%2Fwp%2Fv2%2Fproduct_tag&post=1832"}],"curies":[{"name":"wp","href":"https:\/\/api.w.org\/{rel}","templated":true}]}}