{"id":1837,"date":"2024-04-04T18:43:46","date_gmt":"2024-04-04T18:43:46","guid":{"rendered":"https:\/\/servel.com.br\/?post_type=product&#038;p=1837"},"modified":"2024-04-05T11:21:50","modified_gmt":"2024-04-05T11:21:50","slug":"piloto-e-receptor-500s","status":"publish","type":"product","link":"https:\/\/servel.com.br\/?product=piloto-e-receptor-500s","title":{"rendered":"Piloto e Receptor 500s"},"content":{"rendered":"<p>O CR7\u2122 \u00e9 um computador de bordo compacto e potente, com tela de 7 polegadas, com recursos avan\u00e7ados, o CR7\u2122 \u00e9 uma solu\u00e7\u00e3o acess\u00edvel e plug-and-play para diversas aplica\u00e7\u00f5es agr\u00edcolas.<\/p>\n<p><strong>Benef\u00edcios:<\/strong><\/p>\n<p>Navega\u00e7\u00e3o Avan\u00e7ada:\u00a0Navega\u00e7\u00e3o baseada em mapas com limites autom\u00e1ticos do campo, mantendo as opera\u00e7\u00f5es organizadas.<\/p>\n<p>Compatibilidade Vers\u00e1til: Suporta transfer\u00eancia de arquivos Slingshot\u00ae, piloto autom\u00e1tico, modulo AccuBoom\u00ae e consoles Raven.<\/p>\n<p>Configura\u00e7\u00e3o Personaliz\u00e1vel: Permite f\u00e1cil acesso \u00e0s configura\u00e7\u00f5es durante o trabalho.<\/p>\n<p>Funcionalidade ISO: Oferece funcionalidades de Terminal Universal e Controlador de Tarefa via desbloqueio.<\/p>\n<p>O CR7\u2122 \u00e9 compat\u00edvel com uma ampla gama de produtos e sistemas, incluindo RS1, SC1, TC1, MD, Receptor 700S, Hawkeye\u00ae, Raven RCM, Controle de Produto ISOBUS, Consoles de Controle SCS, AccuBoom e muito mais.<\/p>\n","protected":false},"excerpt":{"rendered":"<p>O CR7\u2122 \u00e9 um computador de bordo compacto e potente, com tela de 7 polegadas, com recursos avan\u00e7ados, o CR7\u2122 \u00e9 uma solu\u00e7\u00e3o acess\u00edvel e plug-and-play para diversas aplica\u00e7\u00f5es agr\u00edcolas. Benef\u00edcios: Navega\u00e7\u00e3o Avan\u00e7ada:\u00a0Navega\u00e7\u00e3o baseada em mapas com limites autom\u00e1ticos do campo, mantendo as opera\u00e7\u00f5es organizadas. Compatibilidade Vers\u00e1til: Suporta transfer\u00eancia de arquivos Slingshot\u00ae, piloto autom\u00e1tico, modulo [&hellip;]<\/p>\n","protected":false},"featured_media":1838,"comment_status":"open","ping_status":"closed","template":"","meta":{"_acf_changed":false},"product_brand":[],"product_cat":[64,66],"product_tag":[],"class_list":{"0":"post-1837","1":"product","2":"type-product","3":"status-publish","4":"has-post-thumbnail","6":"product_cat-pecas","7":"product_cat-pecas-case-hi","9":"first","10":"instock","11":"shipping-taxable","12":"product-type-simple"},"acf":[],"_links":{"self":[{"href":"https:\/\/servel.com.br\/index.php?rest_route=\/wp\/v2\/product\/1837","targetHints":{"allow":["GET"]}}],"collection":[{"href":"https:\/\/servel.com.br\/index.php?rest_route=\/wp\/v2\/product"}],"about":[{"href":"https:\/\/servel.com.br\/index.php?rest_route=\/wp\/v2\/types\/product"}],"replies":[{"embeddable":true,"href":"https:\/\/servel.com.br\/index.php?rest_route=%2Fwp%2Fv2%2Fcomments&post=1837"}],"wp:featuredmedia":[{"embeddable":true,"href":"https:\/\/servel.com.br\/index.php?rest_route=\/wp\/v2\/media\/1838"}],"wp:attachment":[{"href":"https:\/\/servel.com.br\/index.php?rest_route=%2Fwp%2Fv2%2Fmedia&parent=1837"}],"wp:term":[{"taxonomy":"product_brand","embeddable":true,"href":"https:\/\/servel.com.br\/index.php?rest_route=%2Fwp%2Fv2%2Fproduct_brand&post=1837"},{"taxonomy":"product_cat","embeddable":true,"href":"https:\/\/servel.com.br\/index.php?rest_route=%2Fwp%2Fv2%2Fproduct_cat&post=1837"},{"taxonomy":"product_tag","embeddable":true,"href":"https:\/\/servel.com.br\/index.php?rest_route=%2Fwp%2Fv2%2Fproduct_tag&post=1837"}],"curies":[{"name":"wp","href":"https:\/\/api.w.org\/{rel}","templated":true}]}}