{"id":1844,"date":"2024-04-04T18:45:00","date_gmt":"2024-04-04T18:45:00","guid":{"rendered":"https:\/\/servel.com.br\/?post_type=product&#038;p=1844"},"modified":"2024-04-05T11:12:00","modified_gmt":"2024-04-05T11:12:00","slug":"sensor-eletronico","status":"publish","type":"product","link":"https:\/\/servel.com.br\/?product=sensor-eletronico","title":{"rendered":"Sensor Eletr\u00f4nico"},"content":{"rendered":"<p>O Sensor de Press\u00e3o do Coletor \u00e9 um componente essencial para o funcionamento eficiente da sua m\u00e1quina. Com precis\u00e3o e confiabilidade, ele fornece informa\u00e7\u00f5es instant\u00e2neas sobre a press\u00e3o do coletor \u00e0 unidade de controle eletr\u00f4nico do motor. Esses dados s\u00e3o utilizados para calcular a densidade do ar e determinar o fluxo de massa de ar do motor, que \u00e9, ent\u00e3o, utilizado para determinar o fornecimento \u00f3timo de combust\u00edvel necess\u00e1rio para uma combust\u00e3o eficiente.<\/p>\n<p><strong>Principais Caracter\u00edsticas:<\/strong><\/p>\n<ul>\n<li>Original e confi\u00e1vel: O sensor \u00e9 genu\u00edno e projetado especificamente para modelos diversos.<\/li>\n<li>Refer\u00eancia de qualidade: Identificado pela refer\u00eancia, voc\u00ea pode confiar na sua efici\u00eancia e durabilidade.<\/li>\n<li>Compatibilidade: Aplic\u00e1vel em tratores e outros equipamentos.<\/li>\n<\/ul>\n","protected":false},"excerpt":{"rendered":"<p>O Sensor de Press\u00e3o do Coletor \u00e9 um componente essencial para o funcionamento eficiente da sua m\u00e1quina. Com precis\u00e3o e confiabilidade, ele fornece informa\u00e7\u00f5es instant\u00e2neas sobre a press\u00e3o do coletor \u00e0 unidade de controle eletr\u00f4nico do motor. Esses dados s\u00e3o utilizados para calcular a densidade do ar e determinar o fluxo de massa de ar [&hellip;]<\/p>\n","protected":false},"featured_media":1840,"comment_status":"open","ping_status":"closed","template":"","meta":{"_acf_changed":false},"product_brand":[],"product_cat":[64,66],"product_tag":[],"class_list":{"0":"post-1844","1":"product","2":"type-product","3":"status-publish","4":"has-post-thumbnail","6":"product_cat-pecas","7":"product_cat-pecas-case-hi","9":"first","10":"instock","11":"shipping-taxable","12":"product-type-simple"},"acf":[],"_links":{"self":[{"href":"https:\/\/servel.com.br\/index.php?rest_route=\/wp\/v2\/product\/1844","targetHints":{"allow":["GET"]}}],"collection":[{"href":"https:\/\/servel.com.br\/index.php?rest_route=\/wp\/v2\/product"}],"about":[{"href":"https:\/\/servel.com.br\/index.php?rest_route=\/wp\/v2\/types\/product"}],"replies":[{"embeddable":true,"href":"https:\/\/servel.com.br\/index.php?rest_route=%2Fwp%2Fv2%2Fcomments&post=1844"}],"wp:featuredmedia":[{"embeddable":true,"href":"https:\/\/servel.com.br\/index.php?rest_route=\/wp\/v2\/media\/1840"}],"wp:attachment":[{"href":"https:\/\/servel.com.br\/index.php?rest_route=%2Fwp%2Fv2%2Fmedia&parent=1844"}],"wp:term":[{"taxonomy":"product_brand","embeddable":true,"href":"https:\/\/servel.com.br\/index.php?rest_route=%2Fwp%2Fv2%2Fproduct_brand&post=1844"},{"taxonomy":"product_cat","embeddable":true,"href":"https:\/\/servel.com.br\/index.php?rest_route=%2Fwp%2Fv2%2Fproduct_cat&post=1844"},{"taxonomy":"product_tag","embeddable":true,"href":"https:\/\/servel.com.br\/index.php?rest_route=%2Fwp%2Fv2%2Fproduct_tag&post=1844"}],"curies":[{"name":"wp","href":"https:\/\/api.w.org\/{rel}","templated":true}]}}