{"id":1889,"date":"2024-10-31T15:03:30","date_gmt":"2024-10-31T15:03:30","guid":{"rendered":"https:\/\/servel.com.br\/?post_type=product&#038;p=1889"},"modified":"2024-11-05T14:15:37","modified_gmt":"2024-11-05T14:15:37","slug":"daily-60-180-chassi-motorhome","status":"publish","type":"product","link":"https:\/\/servel.com.br\/?product=daily-60-180-chassi-motorhome","title":{"rendered":"DAILY 60-180 &#8211; CHASSI MOTORHOME"},"content":{"rendered":"<p>O novo motor F1C-MAX turbo garante performance e respostas mais r\u00e1pidas na cidade com pot\u00eancia m\u00e1xima, que traz o desempenho ideal para seu dia a dia, com economia e sustentabilidade.<br \/>\nDirija de forma segura e confort\u00e1vel com efici\u00eancia na frenagem, controle de estabilidade e m\u00e1ximo conforto ao dirigir com a cabine mais silenciosa e novos bancos, regulagens e ar-condicionado digital.<br \/>\nPossui excelente desempenho em subidas e partidas em rampas, 6 marchas sincronizadas \u00e0 frente e 1 \u00e0 r\u00e9, transmiss\u00e3o mec\u00e2nica e acionamento manual a cabo.<\/p>\n<p>Reduza o consumo de combust\u00edvel em condi\u00e7\u00f5es de pouca carga com a fun\u00e7\u00e3o Eco Switch e garanta excelente rela\u00e7\u00e3o custo-benef\u00edcio com baixo custo operacional. Voc\u00ea conta com alto desempenho dia ap\u00f3s dia, ano ap\u00f3s ano. Com sua transmiss\u00e3o avan\u00e7ada e de alta efici\u00eancia, o IVECO Daily garante baixo consumo e agrega valor ao seu neg\u00f3cio para todo o ciclo de vida do ve\u00edculo.<br \/>\nTenha a tecnologia a seu servi\u00e7o, e controle a estabilidade, a frenagem, a tra\u00e7\u00e3o e luzes com dispositivos de alta tecnologia e ainda se beneficie com a seguran\u00e7a do Airbag duplo para motorista e passageiro.<\/p>\n<p>Com novas linhas arredondadas, grade frontal moderna e visual impactante. O design global \u00e9 ideal para um ve\u00edculo moderno, confort\u00e1vel, econ\u00f4mico, potente e sustent\u00e1vel.<br \/>\nS\u00e3o 160cv de pot\u00eancia, turbina GVT e 200kg a mais de capacidade de carga da vers\u00e3o anterior, para melhorar sua performance e otimizar seu tempo.<\/p>\n<p>Seja onde for o Daily 60-180 Motorhome tem a solu\u00e7\u00e3o perfeita para seu transporte di\u00e1rio, seja na cidade ou viajando, com excelente economia e desempenho tamb\u00e9m nas rodovias.<\/p>\n","protected":false},"excerpt":{"rendered":"<p>O novo motor F1C-MAX turbo garante performance e respostas mais r\u00e1pidas na cidade com pot\u00eancia m\u00e1xima, que traz o desempenho ideal para seu dia a dia, com economia e sustentabilidade. Dirija de forma segura e confort\u00e1vel com efici\u00eancia na frenagem, controle de estabilidade e m\u00e1ximo conforto ao dirigir com a cabine mais silenciosa e novos [&hellip;]<\/p>\n","protected":false},"featured_media":1878,"comment_status":"open","ping_status":"closed","template":"","meta":{"_acf_changed":false},"product_brand":[],"product_cat":[31,28],"product_tag":[],"class_list":{"0":"post-1889","1":"product","2":"type-product","3":"status-publish","4":"has-post-thumbnail","6":"product_cat-caminhoes-leves","7":"product_cat-iveco","9":"first","10":"instock","11":"shipping-taxable","12":"product-type-simple"},"acf":[],"_links":{"self":[{"href":"https:\/\/servel.com.br\/index.php?rest_route=\/wp\/v2\/product\/1889","targetHints":{"allow":["GET"]}}],"collection":[{"href":"https:\/\/servel.com.br\/index.php?rest_route=\/wp\/v2\/product"}],"about":[{"href":"https:\/\/servel.com.br\/index.php?rest_route=\/wp\/v2\/types\/product"}],"replies":[{"embeddable":true,"href":"https:\/\/servel.com.br\/index.php?rest_route=%2Fwp%2Fv2%2Fcomments&post=1889"}],"wp:featuredmedia":[{"embeddable":true,"href":"https:\/\/servel.com.br\/index.php?rest_route=\/wp\/v2\/media\/1878"}],"wp:attachment":[{"href":"https:\/\/servel.com.br\/index.php?rest_route=%2Fwp%2Fv2%2Fmedia&parent=1889"}],"wp:term":[{"taxonomy":"product_brand","embeddable":true,"href":"https:\/\/servel.com.br\/index.php?rest_route=%2Fwp%2Fv2%2Fproduct_brand&post=1889"},{"taxonomy":"product_cat","embeddable":true,"href":"https:\/\/servel.com.br\/index.php?rest_route=%2Fwp%2Fv2%2Fproduct_cat&post=1889"},{"taxonomy":"product_tag","embeddable":true,"href":"https:\/\/servel.com.br\/index.php?rest_route=%2Fwp%2Fv2%2Fproduct_tag&post=1889"}],"curies":[{"name":"wp","href":"https:\/\/api.w.org\/{rel}","templated":true}]}}