{"id":1912,"date":"2024-11-05T11:59:27","date_gmt":"2024-11-05T11:59:27","guid":{"rendered":"https:\/\/servel.com.br\/?post_type=product&#038;p=1912"},"modified":"2024-11-05T14:11:11","modified_gmt":"2024-11-05T14:11:11","slug":"edaily-furgao-4-2","status":"publish","type":"product","link":"https:\/\/servel.com.br\/?product=edaily-furgao-4-2","title":{"rendered":"EDAILY FURG\u00c3O 4.2"},"content":{"rendered":"<p>Os ve\u00edculos Daily Furg\u00e3o s\u00e3o perfeitos para quem precisa se deslocar com praticidade e rapidez na cidade, completando a tarefa com efici\u00eancia e muito conforto. S\u00e3o ve\u00edculos vers\u00e1teis, com c\u00e2mbio autom\u00e1tico ou manual e, por isso, ideais para levar alimentos, bebidas, cargas perec\u00edveis com temperatura controlada, distribui\u00e7\u00e3o de combust\u00edveis, eletro-eletr\u00f4nicos, entre outros.<\/p>\n<p>O Daily Furg\u00e3o IVECO oferece mais seguran\u00e7a, estabilidade e desempenho, com pot\u00eancia e economia at\u00e9 nas rodovias, sendo perfeito para entregas intermunicipais. O novo design garante um ve\u00edculo ainda mais bonito e funcional, al\u00e9m do conforto e da praticidade integrados \u00e0 sua rotina, com alta tecnologia em cada detalhe. Um ve\u00edculo t\u00e3o \u00fanico quanto voc\u00ea e vers\u00e1til como nenhum outro.<\/p>\n<p>O IVECO Daily Furg\u00e3o entrega a robustez necess\u00e1ria para servi\u00e7os p\u00fablicos e opera\u00e7\u00f5es vocacionais, incluindo manuten\u00e7\u00e3o de vias, manuten\u00e7\u00e3o de redes el\u00e9tricas e de comunica\u00e7\u00e3o, al\u00e9m de resgates como ambul\u00e2ncia e bombeiros, e muito mais.<\/p>\n","protected":false},"excerpt":{"rendered":"<p>Os ve\u00edculos Daily Furg\u00e3o s\u00e3o perfeitos para quem precisa se deslocar com praticidade e rapidez na cidade, completando a tarefa com efici\u00eancia e muito conforto. S\u00e3o ve\u00edculos vers\u00e1teis, com c\u00e2mbio autom\u00e1tico ou manual e, por isso, ideais para levar alimentos, bebidas, cargas perec\u00edveis com temperatura controlada, distribui\u00e7\u00e3o de combust\u00edveis, eletro-eletr\u00f4nicos, entre outros. O Daily Furg\u00e3o [&hellip;]<\/p>\n","protected":false},"featured_media":1914,"comment_status":"open","ping_status":"closed","template":"","meta":{"_acf_changed":false},"product_brand":[],"product_cat":[31,28],"product_tag":[],"class_list":{"0":"post-1912","1":"product","2":"type-product","3":"status-publish","4":"has-post-thumbnail","6":"product_cat-caminhoes-leves","7":"product_cat-iveco","9":"first","10":"instock","11":"shipping-taxable","12":"product-type-simple"},"acf":[],"_links":{"self":[{"href":"https:\/\/servel.com.br\/index.php?rest_route=\/wp\/v2\/product\/1912","targetHints":{"allow":["GET"]}}],"collection":[{"href":"https:\/\/servel.com.br\/index.php?rest_route=\/wp\/v2\/product"}],"about":[{"href":"https:\/\/servel.com.br\/index.php?rest_route=\/wp\/v2\/types\/product"}],"replies":[{"embeddable":true,"href":"https:\/\/servel.com.br\/index.php?rest_route=%2Fwp%2Fv2%2Fcomments&post=1912"}],"wp:featuredmedia":[{"embeddable":true,"href":"https:\/\/servel.com.br\/index.php?rest_route=\/wp\/v2\/media\/1914"}],"wp:attachment":[{"href":"https:\/\/servel.com.br\/index.php?rest_route=%2Fwp%2Fv2%2Fmedia&parent=1912"}],"wp:term":[{"taxonomy":"product_brand","embeddable":true,"href":"https:\/\/servel.com.br\/index.php?rest_route=%2Fwp%2Fv2%2Fproduct_brand&post=1912"},{"taxonomy":"product_cat","embeddable":true,"href":"https:\/\/servel.com.br\/index.php?rest_route=%2Fwp%2Fv2%2Fproduct_cat&post=1912"},{"taxonomy":"product_tag","embeddable":true,"href":"https:\/\/servel.com.br\/index.php?rest_route=%2Fwp%2Fv2%2Fproduct_tag&post=1912"}],"curies":[{"name":"wp","href":"https:\/\/api.w.org\/{rel}","templated":true}]}}