{"id":1922,"date":"2024-11-05T16:46:23","date_gmt":"2024-11-05T16:46:23","guid":{"rendered":"https:\/\/servel.com.br\/?post_type=product&#038;p=1922"},"modified":"2024-11-05T17:09:25","modified_gmt":"2024-11-05T17:09:25","slug":"tector-15-210","status":"publish","type":"product","link":"https:\/\/servel.com.br\/?product=tector-15-210","title":{"rendered":"TECTOR 15-210"},"content":{"rendered":"<div class=\"elementor-element elementor-element-4317b2f1 elementor-widget elementor-widget-text-editor animated fadeInUp\" data-id=\"4317b2f1\" data-element_type=\"widget\" data-settings=\"{&quot;_animation&quot;:&quot;fadeInUp&quot;}\" data-widget_type=\"text-editor.default\">\n<div class=\"elementor-widget-container\">\n<p>Sua vida fica melhor a bordo de um IVECO Tector. Ele utiliza propulsores que oferecem mais pot\u00eancia com o maior torque da categoria, e uma economia de combust\u00edvel de at\u00e9 15%.<br \/>\nCom PBT de 15.400Kg, tem chassi refor\u00e7ado e versatilidade para receber qualquer tipo de implemento e vencer os desafios do agroneg\u00f3cio.<\/p>\n<\/div>\n<\/div>\n<div class=\"elementor-element elementor-element-233fc442 elementor-widget elementor-widget-gallery\" data-id=\"233fc442\" data-element_type=\"widget\" data-settings=\"{&quot;columns&quot;:3,&quot;gap&quot;:{&quot;unit&quot;:&quot;px&quot;,&quot;size&quot;:47,&quot;sizes&quot;:[]},&quot;aspect_ratio&quot;:&quot;4:3&quot;,&quot;lazyload&quot;:&quot;yes&quot;,&quot;gallery_layout&quot;:&quot;grid&quot;,&quot;columns_tablet&quot;:2,&quot;columns_mobile&quot;:1,&quot;gap_tablet&quot;:{&quot;unit&quot;:&quot;px&quot;,&quot;size&quot;:10,&quot;sizes&quot;:[]},&quot;gap_mobile&quot;:{&quot;unit&quot;:&quot;px&quot;,&quot;size&quot;:10,&quot;sizes&quot;:[]},&quot;link_to&quot;:&quot;file&quot;,&quot;content_hover_animation&quot;:&quot;fade-in&quot;}\" data-widget_type=\"gallery.default\">\n<div class=\"elementor-widget-container\">\n<div class=\"elementor-gallery__container e-gallery-container e-gallery-grid e-gallery--ltr e-gallery--lazyload\">\n<p>Melhor custo operacional da categoria, com manuten\u00e7\u00e3o preventiva mais em conta, baixo consumo de combust\u00edvel e contrato de manuten\u00e7\u00e3o competitivo. Ter um IVECO Tector \u00e9 um nego\u00e7\u00e3o.<\/p>\n<p>O Tector j\u00e1 passou por v\u00e1rios desafios. Ele conhece bem as dificuldades das ruas e estradas brasileiras. J\u00e1 entendeu tamb\u00e9m o que os caminhoneiros e transportadores gostam. O Tector combina com o seu bolso e com o seu neg\u00f3cio.<\/p>\n<p>Os motores que comp\u00f5em a linha Iveco Tector s\u00e3o da s\u00e9rie FPT NEF. A pot\u00eancia e a tecnologia fazem deles um grande aliado da sua produtividade.<\/p>\n<p>A Iveco se preocupa muito com a qualidade de vida a bordo. Por isso, tamb\u00e9m fez do conforto um dos principais atributos do Iveco Tector. Nas vers\u00f5es de cabine curta ou leito, a ergonomia e o prazer de dirigir est\u00e3o em cada detalhe.<\/p>\n<p>O computador de bordo gerencia v\u00e1rias fun\u00e7\u00f5es do caminh\u00e3o. A coluna de dire\u00e7\u00e3o \u00e9 regul\u00e1vel e o banco do motorista tem suspens\u00e3o pneum\u00e1tica. A nova suspens\u00e3o da cabine, com molas helidocais e amortecedores telesc\u00f3picos nos quatro cantos, garantem a satisfa\u00e7\u00e3o e tranquilidade para o motorista que dirige o Iveco Tector.<\/p>\n<\/div>\n<\/div>\n<\/div>\n","protected":false},"excerpt":{"rendered":"<p>Sua vida fica melhor a bordo de um IVECO Tector. Ele utiliza propulsores que oferecem mais pot\u00eancia com o maior torque da categoria, e uma economia de combust\u00edvel de at\u00e9 15%. Com PBT de 15.400Kg, tem chassi refor\u00e7ado e versatilidade para receber qualquer tipo de implemento e vencer os desafios do agroneg\u00f3cio. Melhor custo operacional [&hellip;]<\/p>\n","protected":false},"featured_media":1923,"comment_status":"open","ping_status":"closed","template":"","meta":{"_acf_changed":false},"product_brand":[],"product_cat":[32,28],"product_tag":[],"class_list":{"0":"post-1922","1":"product","2":"type-product","3":"status-publish","4":"has-post-thumbnail","6":"product_cat-caminhoes-medios","7":"product_cat-iveco","9":"first","10":"instock","11":"shipping-taxable","12":"product-type-simple"},"acf":[],"_links":{"self":[{"href":"https:\/\/servel.com.br\/index.php?rest_route=\/wp\/v2\/product\/1922","targetHints":{"allow":["GET"]}}],"collection":[{"href":"https:\/\/servel.com.br\/index.php?rest_route=\/wp\/v2\/product"}],"about":[{"href":"https:\/\/servel.com.br\/index.php?rest_route=\/wp\/v2\/types\/product"}],"replies":[{"embeddable":true,"href":"https:\/\/servel.com.br\/index.php?rest_route=%2Fwp%2Fv2%2Fcomments&post=1922"}],"wp:featuredmedia":[{"embeddable":true,"href":"https:\/\/servel.com.br\/index.php?rest_route=\/wp\/v2\/media\/1923"}],"wp:attachment":[{"href":"https:\/\/servel.com.br\/index.php?rest_route=%2Fwp%2Fv2%2Fmedia&parent=1922"}],"wp:term":[{"taxonomy":"product_brand","embeddable":true,"href":"https:\/\/servel.com.br\/index.php?rest_route=%2Fwp%2Fv2%2Fproduct_brand&post=1922"},{"taxonomy":"product_cat","embeddable":true,"href":"https:\/\/servel.com.br\/index.php?rest_route=%2Fwp%2Fv2%2Fproduct_cat&post=1922"},{"taxonomy":"product_tag","embeddable":true,"href":"https:\/\/servel.com.br\/index.php?rest_route=%2Fwp%2Fv2%2Fproduct_tag&post=1922"}],"curies":[{"name":"wp","href":"https:\/\/api.w.org\/{rel}","templated":true}]}}