{"id":1984,"date":"2024-11-19T20:14:29","date_gmt":"2024-11-19T20:14:29","guid":{"rendered":"https:\/\/servel.com.br\/?post_type=product&#038;p=1984"},"modified":"2024-11-19T20:14:29","modified_gmt":"2024-11-19T20:14:29","slug":"tector-17-320-coleta","status":"publish","type":"product","link":"https:\/\/servel.com.br\/?product=tector-17-320-coleta","title":{"rendered":"TECTOR 17-320 COLETA"},"content":{"rendered":"<p>J\u00e1 reconhecida por transportadores e motoristas pelo seu baixo custo operacional, pot\u00eancia e conforto, a linha IVECO Tector tamb\u00e9m \u00e9 refer\u00eancia em versatilidade. Preparada para atender \u00e0s diversas demandas do transporte, desde o varejo \u00e0 constru\u00e7\u00e3o civil, a fam\u00edlia de caminh\u00f5es conta com diversas op\u00e7\u00f5es de tra\u00e7\u00e3o, cabine ou pot\u00eancia para se adequar a qualquer tipo de carga.<\/p>\n<p>Com op\u00e7\u00f5es de 15 a 31 toneladas, \u00e9 um caminh\u00e3o que pode ser adaptado para entregas intermunicipais, urbanas, incluindo alimentos, bebidas, cargas perec\u00edveis e fracionadas, correios, m\u00f3veis, eletrodom\u00e9sticos, entre outros, al\u00e9m de opera\u00e7\u00f5es vocacionais, servi\u00e7os p\u00fablicos, e nos setores de constru\u00e7\u00e3o e agroneg\u00f3cio.<\/p>\n<p>Melhor custo operacional da categoria, com manuten\u00e7\u00e3o preventiva mais em conta, baixo consumo de combust\u00edvel e contrato de manuten\u00e7\u00e3o competitivo. Ter um IVECO Tector \u00e9 um nego\u00e7\u00e3o.<\/p>\n<p>O Tector j\u00e1 passou por v\u00e1rios desafios. Ele conhece bem as dificuldades das ruas e estradas brasileiras. J\u00e1 entendeu tamb\u00e9m o que os caminhoneiros e transportadores gostam. O Tector combina com o seu bolso e com o seu neg\u00f3cio.<\/p>\n<p>Um caminh\u00e3o potente, leve e econ\u00f4mico. Alto desempenho, sem abrir m\u00e3o da rentabilidade. O motor FPT de quatro cilindros, com propulsor de 4.500 cm\u00b3, rende pot\u00eancia de 190 cv a 2.500 rpm e torque de 62,2 kgfm a 1.350 rpm\/2.100 rpm, permitindo o aumento da carga \u00fatil. Os motores que comp\u00f5em a linha Iveco Tector s\u00e3o da s\u00e9rie FPT NEF. A pot\u00eancia e a tecnologia fazem deles um grande aliado da sua produtividade.\u00a0O IVECO Tector tem a tecnologia e a pot\u00eancia que fazem dele um grande parceiro de trabalho.<\/p>\n<p>A linha IVECO Tector teve sua cabine totalmente projetada pensando na comodidade do motorista. Com um design moderno e robusto, a cabine \u00e9 silenciosa e conta com suspens\u00e3o com coxim, mola e amortecedor, al\u00e9m de amplo espa\u00e7o para viagens mais seguras e tranquilas. O c\u00e2mbio \u00e9 integrado ao painel, que oferece tamb\u00e9m um sistema inteligente de dire\u00e7\u00e3o.<br \/>\nA Iveco se preocupa muito com a qualidade de vida a bordo. Por isso, tamb\u00e9m fez do conforto um dos principais atributos do Iveco Tector. Nas vers\u00f5es de cabine curta ou leito, a ergonomia e o prazer de dirigir est\u00e3o em cada detalhe.<\/p>\n<p>O computador de bordo gerencia v\u00e1rias fun\u00e7\u00f5es do caminh\u00e3o. A coluna de dire\u00e7\u00e3o \u00e9 regul\u00e1vel e o banco do motorista tem suspens\u00e3o pneum\u00e1tica. A nova suspens\u00e3o da cabine, com molas helidocais e amortecedores telesc\u00f3picos nos quatro cantos, garantem a satisfa\u00e7\u00e3o e tranquilidade para o motorista que dirige o Iveco Tector.<\/p>\n","protected":false},"excerpt":{"rendered":"<p>J\u00e1 reconhecida por transportadores e motoristas pelo seu baixo custo operacional, pot\u00eancia e conforto, a linha IVECO Tector tamb\u00e9m \u00e9 refer\u00eancia em versatilidade. Preparada para atender \u00e0s diversas demandas do transporte, desde o varejo \u00e0 constru\u00e7\u00e3o civil, a fam\u00edlia de caminh\u00f5es conta com diversas op\u00e7\u00f5es de tra\u00e7\u00e3o, cabine ou pot\u00eancia para se adequar a qualquer [&hellip;]<\/p>\n","protected":false},"featured_media":1987,"comment_status":"open","ping_status":"closed","template":"","meta":{"_acf_changed":false},"product_brand":[],"product_cat":[33,28],"product_tag":[],"class_list":{"0":"post-1984","1":"product","2":"type-product","3":"status-publish","4":"has-post-thumbnail","6":"product_cat-caminhoes-semipesados","7":"product_cat-iveco","9":"first","10":"instock","11":"shipping-taxable","12":"product-type-simple"},"acf":[],"_links":{"self":[{"href":"https:\/\/servel.com.br\/index.php?rest_route=\/wp\/v2\/product\/1984","targetHints":{"allow":["GET"]}}],"collection":[{"href":"https:\/\/servel.com.br\/index.php?rest_route=\/wp\/v2\/product"}],"about":[{"href":"https:\/\/servel.com.br\/index.php?rest_route=\/wp\/v2\/types\/product"}],"replies":[{"embeddable":true,"href":"https:\/\/servel.com.br\/index.php?rest_route=%2Fwp%2Fv2%2Fcomments&post=1984"}],"wp:featuredmedia":[{"embeddable":true,"href":"https:\/\/servel.com.br\/index.php?rest_route=\/wp\/v2\/media\/1987"}],"wp:attachment":[{"href":"https:\/\/servel.com.br\/index.php?rest_route=%2Fwp%2Fv2%2Fmedia&parent=1984"}],"wp:term":[{"taxonomy":"product_brand","embeddable":true,"href":"https:\/\/servel.com.br\/index.php?rest_route=%2Fwp%2Fv2%2Fproduct_brand&post=1984"},{"taxonomy":"product_cat","embeddable":true,"href":"https:\/\/servel.com.br\/index.php?rest_route=%2Fwp%2Fv2%2Fproduct_cat&post=1984"},{"taxonomy":"product_tag","embeddable":true,"href":"https:\/\/servel.com.br\/index.php?rest_route=%2Fwp%2Fv2%2Fproduct_tag&post=1984"}],"curies":[{"name":"wp","href":"https:\/\/api.w.org\/{rel}","templated":true}]}}