{"id":2023,"date":"2024-11-29T19:06:22","date_gmt":"2024-11-29T19:06:22","guid":{"rendered":"https:\/\/servel.com.br\/?post_type=product&#038;p=2023"},"modified":"2024-11-29T19:24:56","modified_gmt":"2024-11-29T19:24:56","slug":"tector-24-320","status":"publish","type":"product","link":"https:\/\/servel.com.br\/?product=tector-24-320","title":{"rendered":"TECTOR 24-320"},"content":{"rendered":"<p>J\u00e1 reconhecida por transportadores e motoristas pelo seu baixo custo operacional, pot\u00eancia e conforto, a linha IVECO Tector tamb\u00e9m \u00e9 refer\u00eancia em versatilidade.<br \/>\nPreparada para atender \u00e0s diversas demandas do transporte, desde o varejo \u00e0 constru\u00e7\u00e3o civil, a fam\u00edlia de caminh\u00f5es conta com diversas op\u00e7\u00f5es de tra\u00e7\u00e3o, cabine ou pot\u00eancia para se adequar a qualquer tipo de carga.<\/p>\n<p>Com op\u00e7\u00f5es de 9 a 27 toneladas, \u00e9 um caminh\u00e3o que pode ser adaptado para entregas intermunicipais, urbanas, incluindo alimentos, bebidas, cargas perec\u00edveis e fracionadas, correios, m\u00f3veis, eletrodom\u00e9sticos, entre outros, al\u00e9m de opera\u00e7\u00f5es vocacionais, servi\u00e7os p\u00fablicos, e nos setores de constru\u00e7\u00e3o e agroneg\u00f3cio.<\/p>\n<p>O IVECO Tector tem a tecnologia e a pot\u00eancia que fazem dele um grande parceiro de trabalho.\u00a0Um caminh\u00e3o potente, leve e econ\u00f4mico. Alto desempenho, sem abrir m\u00e3o da rentabilidade. O motor FPT de quatro cilindros, com propulsor de 4.500 cm\u00b3, rende pot\u00eancia de 190 cv a 2.500 rpm e torque de 62,2 kgfm a 1.350 rpm\/2.100 rpm, permitindo o aumento da carga \u00fatil.<\/p>\n<p>Cabine espa\u00e7osa e com baixo n\u00edvel de ru\u00eddo para maior qualidade de vida a bordo.<br \/>\nSeja para rodar no bairro, naquela cidade vizinha, ou viajar longas dist\u00e2ncias, conforto \u00e9 sempre fundamental para deixar o dia a dia de trabalho mais leve e agrad\u00e1vel.<br \/>\nA IVECO sabe disso e a linha IVECO Tector teve sua cabine totalmente projetada pensando na comodidade do motorista.<br \/>\nCom um design moderno e robusto, a cabine \u00e9 silenciosa e conta com suspens\u00e3o com coxim, mola e amortecedor, al\u00e9m de amplo espa\u00e7o para viagens mais seguras e tranquilas.<br \/>\nO c\u00e2mbio \u00e9 integrado ao painel, que oferece tamb\u00e9m um sistema inteligente de dire\u00e7\u00e3o.<\/p>\n","protected":false},"excerpt":{"rendered":"<p>J\u00e1 reconhecida por transportadores e motoristas pelo seu baixo custo operacional, pot\u00eancia e conforto, a linha IVECO Tector tamb\u00e9m \u00e9 refer\u00eancia em versatilidade. Preparada para atender \u00e0s diversas demandas do transporte, desde o varejo \u00e0 constru\u00e7\u00e3o civil, a fam\u00edlia de caminh\u00f5es conta com diversas op\u00e7\u00f5es de tra\u00e7\u00e3o, cabine ou pot\u00eancia para se adequar a qualquer [&hellip;]<\/p>\n","protected":false},"featured_media":2024,"comment_status":"open","ping_status":"closed","template":"","meta":{"_acf_changed":false},"product_brand":[],"product_cat":[33,28],"product_tag":[],"class_list":{"0":"post-2023","1":"product","2":"type-product","3":"status-publish","4":"has-post-thumbnail","6":"product_cat-caminhoes-semipesados","7":"product_cat-iveco","9":"first","10":"instock","11":"shipping-taxable","12":"product-type-simple"},"acf":[],"_links":{"self":[{"href":"https:\/\/servel.com.br\/index.php?rest_route=\/wp\/v2\/product\/2023","targetHints":{"allow":["GET"]}}],"collection":[{"href":"https:\/\/servel.com.br\/index.php?rest_route=\/wp\/v2\/product"}],"about":[{"href":"https:\/\/servel.com.br\/index.php?rest_route=\/wp\/v2\/types\/product"}],"replies":[{"embeddable":true,"href":"https:\/\/servel.com.br\/index.php?rest_route=%2Fwp%2Fv2%2Fcomments&post=2023"}],"wp:featuredmedia":[{"embeddable":true,"href":"https:\/\/servel.com.br\/index.php?rest_route=\/wp\/v2\/media\/2024"}],"wp:attachment":[{"href":"https:\/\/servel.com.br\/index.php?rest_route=%2Fwp%2Fv2%2Fmedia&parent=2023"}],"wp:term":[{"taxonomy":"product_brand","embeddable":true,"href":"https:\/\/servel.com.br\/index.php?rest_route=%2Fwp%2Fv2%2Fproduct_brand&post=2023"},{"taxonomy":"product_cat","embeddable":true,"href":"https:\/\/servel.com.br\/index.php?rest_route=%2Fwp%2Fv2%2Fproduct_cat&post=2023"},{"taxonomy":"product_tag","embeddable":true,"href":"https:\/\/servel.com.br\/index.php?rest_route=%2Fwp%2Fv2%2Fproduct_tag&post=2023"}],"curies":[{"name":"wp","href":"https:\/\/api.w.org\/{rel}","templated":true}]}}