{"id":2172,"date":"2025-12-04T19:39:55","date_gmt":"2025-12-04T19:39:55","guid":{"rendered":"https:\/\/servel.com.br\/?post_type=product&#038;p=2172"},"modified":"2025-12-04T19:39:56","modified_gmt":"2025-12-04T19:39:56","slug":"retroescavadeira-b110c","status":"publish","type":"product","link":"https:\/\/servel.com.br\/?product=retroescavadeira-b110c","title":{"rendered":"Retroescavadeira B110C"},"content":{"rendered":"<p>A nova Retroescavadeira B110C da New Holland \u00e9 sin\u00f4nimo de maior conforto e seguran\u00e7a para a sua opera\u00e7\u00e3o.<\/p>\n<p>Desenvolvida a partir das suas necessidades, possui coluna de dire\u00e7\u00e3o ajust\u00e1vel, permitindo a personaliza\u00e7\u00e3o da posi\u00e7\u00e3o do volante de acordo com suas prefer\u00eancias individuais.<\/p>\n<p>A Retroescavadeira B110C \u00e9 a escolha ideal para sua opera\u00e7\u00e3o. Conhe\u00e7a algumas de suas caracter\u00edsticas:<\/p>\n<ul>\n<li>Maior conforto ergon\u00f4mico, seguran\u00e7a e adaptabilidade para o operador, reduzindo a fadiga e garantindo maior bem-estar em opera\u00e7\u00f5es com longas horas de trabalho;<\/li>\n<li>Visibilidade de opera\u00e7\u00e3o aprimorada, tornando as tarefas da sua opera\u00e7\u00e3o ainda mais seguras e precisas;<\/li>\n<li>Design atualizado e simplificado, contribuindo para uma manuten\u00e7\u00e3o mais f\u00e1cil e r\u00e1pida;<\/li>\n<li>Otimiza\u00e7\u00e3o de componentes da linha de transmiss\u00e3o, garantindo maior confiabilidade, longevidade e robustez;<\/li>\n<li>Motor S8000 Tier III com baixa emiss\u00e3o de impurezas e ru\u00eddos e menor consumo de combust\u00edvel, reduzindo o impacto ambiental, alinhado a pot\u00eancia, confiabilidade e maior efici\u00eancia de custos.<\/li>\n<\/ul>\n","protected":false},"excerpt":{"rendered":"<p>A nova Retroescavadeira B110C da New Holland \u00e9 sin\u00f4nimo de maior conforto e seguran\u00e7a para a sua opera\u00e7\u00e3o. Desenvolvida a partir das suas necessidades, possui coluna de dire\u00e7\u00e3o ajust\u00e1vel, permitindo a personaliza\u00e7\u00e3o da posi\u00e7\u00e3o do volante de acordo com suas prefer\u00eancias individuais. A Retroescavadeira B110C \u00e9 a escolha ideal para sua opera\u00e7\u00e3o. Conhe\u00e7a algumas de [&hellip;]<\/p>\n","protected":false},"featured_media":2174,"comment_status":"open","ping_status":"closed","template":"","meta":{"_acf_changed":false},"product_brand":[],"product_cat":[30,36],"product_tag":[],"class_list":{"0":"post-2172","1":"product","2":"type-product","3":"status-publish","4":"has-post-thumbnail","6":"product_cat-new-holland","7":"product_cat-retroescavadeiras","9":"first","10":"instock","11":"shipping-taxable","12":"product-type-simple"},"acf":[],"_links":{"self":[{"href":"https:\/\/servel.com.br\/index.php?rest_route=\/wp\/v2\/product\/2172","targetHints":{"allow":["GET"]}}],"collection":[{"href":"https:\/\/servel.com.br\/index.php?rest_route=\/wp\/v2\/product"}],"about":[{"href":"https:\/\/servel.com.br\/index.php?rest_route=\/wp\/v2\/types\/product"}],"replies":[{"embeddable":true,"href":"https:\/\/servel.com.br\/index.php?rest_route=%2Fwp%2Fv2%2Fcomments&post=2172"}],"wp:featuredmedia":[{"embeddable":true,"href":"https:\/\/servel.com.br\/index.php?rest_route=\/wp\/v2\/media\/2174"}],"wp:attachment":[{"href":"https:\/\/servel.com.br\/index.php?rest_route=%2Fwp%2Fv2%2Fmedia&parent=2172"}],"wp:term":[{"taxonomy":"product_brand","embeddable":true,"href":"https:\/\/servel.com.br\/index.php?rest_route=%2Fwp%2Fv2%2Fproduct_brand&post=2172"},{"taxonomy":"product_cat","embeddable":true,"href":"https:\/\/servel.com.br\/index.php?rest_route=%2Fwp%2Fv2%2Fproduct_cat&post=2172"},{"taxonomy":"product_tag","embeddable":true,"href":"https:\/\/servel.com.br\/index.php?rest_route=%2Fwp%2Fv2%2Fproduct_tag&post=2172"}],"curies":[{"name":"wp","href":"https:\/\/api.w.org\/{rel}","templated":true}]}}