{"id":2173,"date":"2025-12-04T19:39:57","date_gmt":"2025-12-04T19:39:57","guid":{"rendered":"https:\/\/servel.com.br\/?post_type=product&#038;p=2173"},"modified":"2025-12-04T19:39:58","modified_gmt":"2025-12-04T19:39:58","slug":"retroescavadeira-b95c","status":"publish","type":"product","link":"https:\/\/servel.com.br\/?product=retroescavadeira-b95c","title":{"rendered":"Retroescavadeira B95C"},"content":{"rendered":"<p>A nova Retroescavadeira B95C foi projetada a partir das suas necessidades.<\/p>\n<p>Com uma s\u00e9rie de melhorias e atualiza\u00e7\u00f5es, esta m\u00e1quina eleva o padr\u00e3o do mercado de retroescavadeiras, tornando-se essencial para sua opera\u00e7\u00e3o nas mais diversas condi\u00e7\u00f5es e desafios.<\/p>\n<p><strong>Veja algumas novidades que a nova B95C oferece a voc\u00ea:<\/strong><\/p>\n<ul>\n<li>Visibilidade de opera\u00e7\u00e3o aprimorada, tornando as tarefas da sua opera\u00e7\u00e3o ainda mais\u00a0seguras e precisas;<\/li>\n<li>Design atualizado e simplificado, contribuindo para uma manuten\u00e7\u00e3o mais f\u00e1cil e\u00a0r\u00e1pida;<\/li>\n<li>Maior conforto ergon\u00f4mico, seguran\u00e7a e adaptabilidade para o operador, garantindo\u00a0maior produtividade e bem-estar na opera\u00e7\u00e3o.<\/li>\n<li>Otimiza\u00e7\u00e3o de componentes da linha de transmiss\u00e3o, garantindo maior confiabilidade,\u00a0longevidade e robustez;<\/li>\n<li>Motor S8000 Tier\u00a0III com baixa emiss\u00e3o de impurezas e ru\u00eddos e menor consumo de\u00a0combust\u00edvel, reduzindo o impacto ambiental, alinhado a pot\u00eancia, confiabilidade e\u00a0maior efici\u00eancia de custos.<\/li>\n<\/ul>\n","protected":false},"excerpt":{"rendered":"<p>A nova Retroescavadeira B95C foi projetada a partir das suas necessidades. Com uma s\u00e9rie de melhorias e atualiza\u00e7\u00f5es, esta m\u00e1quina eleva o padr\u00e3o do mercado de retroescavadeiras, tornando-se essencial para sua opera\u00e7\u00e3o nas mais diversas condi\u00e7\u00f5es e desafios. Veja algumas novidades que a nova B95C oferece a voc\u00ea: Visibilidade de opera\u00e7\u00e3o aprimorada, tornando as tarefas [&hellip;]<\/p>\n","protected":false},"featured_media":2175,"comment_status":"open","ping_status":"closed","template":"","meta":{"_acf_changed":false},"product_brand":[],"product_cat":[30,36],"product_tag":[],"class_list":{"0":"post-2173","1":"product","2":"type-product","3":"status-publish","4":"has-post-thumbnail","6":"product_cat-new-holland","7":"product_cat-retroescavadeiras","9":"first","10":"instock","11":"shipping-taxable","12":"product-type-simple"},"acf":[],"_links":{"self":[{"href":"https:\/\/servel.com.br\/index.php?rest_route=\/wp\/v2\/product\/2173","targetHints":{"allow":["GET"]}}],"collection":[{"href":"https:\/\/servel.com.br\/index.php?rest_route=\/wp\/v2\/product"}],"about":[{"href":"https:\/\/servel.com.br\/index.php?rest_route=\/wp\/v2\/types\/product"}],"replies":[{"embeddable":true,"href":"https:\/\/servel.com.br\/index.php?rest_route=%2Fwp%2Fv2%2Fcomments&post=2173"}],"wp:featuredmedia":[{"embeddable":true,"href":"https:\/\/servel.com.br\/index.php?rest_route=\/wp\/v2\/media\/2175"}],"wp:attachment":[{"href":"https:\/\/servel.com.br\/index.php?rest_route=%2Fwp%2Fv2%2Fmedia&parent=2173"}],"wp:term":[{"taxonomy":"product_brand","embeddable":true,"href":"https:\/\/servel.com.br\/index.php?rest_route=%2Fwp%2Fv2%2Fproduct_brand&post=2173"},{"taxonomy":"product_cat","embeddable":true,"href":"https:\/\/servel.com.br\/index.php?rest_route=%2Fwp%2Fv2%2Fproduct_cat&post=2173"},{"taxonomy":"product_tag","embeddable":true,"href":"https:\/\/servel.com.br\/index.php?rest_route=%2Fwp%2Fv2%2Fproduct_tag&post=2173"}],"curies":[{"name":"wp","href":"https:\/\/api.w.org\/{rel}","templated":true}]}}