{"id":54,"date":"2024-01-15T14:13:00","date_gmt":"2024-01-15T14:13:00","guid":{"rendered":"https:\/\/servel.com.br\/?post_type=product&#038;p=54"},"modified":"2024-11-05T14:17:36","modified_gmt":"2024-11-05T14:17:36","slug":"tector-11-190","status":"publish","type":"product","link":"https:\/\/servel.com.br\/?product=tector-11-190","title":{"rendered":"TECTOR 11-190"},"content":{"rendered":"<p>O Caminh\u00e3o Iveco Tector 11-190 \u00e9 uma op\u00e7\u00e3o vers\u00e1til e moderna para transporte de cargas urbanas e interurbanas, destacando-se pela pot\u00eancia, economia e conforto para o motorista. Fabricado no Brasil, possui tecnologia de ponta e \u00e9 conhecido por sua capacidade de adapta\u00e7\u00e3o a diferentes necessidades de neg\u00f3cios.<\/p>\n<p>Com uma cabine espa\u00e7osa, ergon\u00f4mica e tecnol\u00f3gica, o Tector 11-190 oferece uma experi\u00eancia a bordo excepcional. Sua versatilidade \u00e9 ampliada pela possibilidade de adi\u00e7\u00e3o de um terceiro eixo, elevando a capacidade para 13 toneladas.<\/p>\n<p>O ve\u00edculo apresenta benef\u00edcios como uma nova cabine projetada para otimizar o consumo de combust\u00edvel e melhorar a seguran\u00e7a em condi\u00e7\u00f5es de chuva. Destaca-se pela visibilidade, facilitando manobras urbanas, e pelo acesso ergon\u00f4mico do motorista.<\/p>\n<p>O motor da linha IVECO, da s\u00e9rie FPT NEF, oferece pot\u00eancia de 190cv a 2.500 rpm e torque de 62,2 kgfm a 1.350 rpm\/2.100 rpm, combinando desempenho e efici\u00eancia. Al\u00e9m disso, atende \u00e0s normas de emiss\u00f5es Proconve P7\/Euro 5.<\/p>\n<p>Diferenciais incluem uma cabine mais ampla, interior renovado, motor econ\u00f4mico, diversas op\u00e7\u00f5es de c\u00e2mbio e tecnologias como freios ABS, limitador de velocidade, escotilha de teto manual, entre outros. O tanque de alum\u00ednio de 400 litros, ajustador de freio autom\u00e1tico e computador de bordo s\u00e3o itens adicionais que proporcionam economia e informa\u00e7\u00f5es \u00fateis ao motorista.<\/p>\n<p>Em resumo, o Iveco Tector 11-190 \u00e9 um caminh\u00e3o m\u00e9dio l\u00edder no mercado latino-americano, destacando-se por sua modernidade, efici\u00eancia e adaptabilidade a diferentes necessidades de transporte.<\/p>\n","protected":false},"excerpt":{"rendered":"<p>O Caminh\u00e3o Iveco Tector 11-190 \u00e9 uma op\u00e7\u00e3o vers\u00e1til e moderna para transporte de cargas urbanas e interurbanas, destacando-se pela pot\u00eancia, economia e conforto para o motorista. Fabricado no Brasil, possui tecnologia de ponta e \u00e9 conhecido por sua capacidade de adapta\u00e7\u00e3o a diferentes necessidades de neg\u00f3cios. Com uma cabine espa\u00e7osa, ergon\u00f4mica e tecnol\u00f3gica, o [&hellip;]<\/p>\n","protected":false},"featured_media":1074,"comment_status":"open","ping_status":"closed","template":"","meta":{"_acf_changed":false},"product_brand":[],"product_cat":[32,28],"product_tag":[],"class_list":{"0":"post-54","1":"product","2":"type-product","3":"status-publish","4":"has-post-thumbnail","6":"product_cat-caminhoes-medios","7":"product_cat-iveco","9":"first","10":"instock","11":"shipping-taxable","12":"purchasable","13":"product-type-simple"},"acf":[],"_links":{"self":[{"href":"https:\/\/servel.com.br\/index.php?rest_route=\/wp\/v2\/product\/54","targetHints":{"allow":["GET"]}}],"collection":[{"href":"https:\/\/servel.com.br\/index.php?rest_route=\/wp\/v2\/product"}],"about":[{"href":"https:\/\/servel.com.br\/index.php?rest_route=\/wp\/v2\/types\/product"}],"replies":[{"embeddable":true,"href":"https:\/\/servel.com.br\/index.php?rest_route=%2Fwp%2Fv2%2Fcomments&post=54"}],"wp:featuredmedia":[{"embeddable":true,"href":"https:\/\/servel.com.br\/index.php?rest_route=\/wp\/v2\/media\/1074"}],"wp:attachment":[{"href":"https:\/\/servel.com.br\/index.php?rest_route=%2Fwp%2Fv2%2Fmedia&parent=54"}],"wp:term":[{"taxonomy":"product_brand","embeddable":true,"href":"https:\/\/servel.com.br\/index.php?rest_route=%2Fwp%2Fv2%2Fproduct_brand&post=54"},{"taxonomy":"product_cat","embeddable":true,"href":"https:\/\/servel.com.br\/index.php?rest_route=%2Fwp%2Fv2%2Fproduct_cat&post=54"},{"taxonomy":"product_tag","embeddable":true,"href":"https:\/\/servel.com.br\/index.php?rest_route=%2Fwp%2Fv2%2Fproduct_tag&post=54"}],"curies":[{"name":"wp","href":"https:\/\/api.w.org\/{rel}","templated":true}]}}