{"id":600,"date":"2024-01-16T17:00:10","date_gmt":"2024-01-16T17:00:10","guid":{"rendered":"https:\/\/servel.com.br\/?post_type=product&#038;p=600"},"modified":"2024-01-26T00:53:44","modified_gmt":"2024-01-26T00:53:44","slug":"escavadeira-e215c-evo","status":"publish","type":"product","link":"https:\/\/servel.com.br\/?product=escavadeira-e215c-evo","title":{"rendered":"Escavadeira E215C EVO"},"content":{"rendered":"<p>A Escavadeira New Holland S\u00e9rie C EVO \u00e9 uma m\u00e1quina avan\u00e7ada, destacando-se por seu desempenho superior e efici\u00eancia energ\u00e9tica. Equipada com um novo sistema hidr\u00e1ulico aprimorado e um bra\u00e7o robusto do tipo HD, oferece durabilidade e efici\u00eancia. A cabine EVO certificada internacionalmente garante seguran\u00e7a, conforto e ampla visibilidade.<\/p>\n<p>O Equipamento Padr\u00e3o da Escavadeira New Holland E215C EVO oferece um ambiente avan\u00e7ado para o operador, incluindo uma cabine certificada internacionalmente, com prote\u00e7\u00e3o ROPS e FOPS. O assento com suspens\u00e3o mec\u00e2nica, alavancas do tipo joystick para fun\u00e7\u00f5es hidr\u00e1ulicas e pedais para transla\u00e7\u00e3o proporcionam conforto e controle. <\/p>\n<p>Recursos adicionais como ar-condicionado autom\u00e1tico, r\u00e1dio com Bluetooth, USB e painel de controle de 7&#8243; com c\u00e2mera de r\u00e9 garantem uma experi\u00eancia operacional completa. O chassi superior apresenta uma lan\u00e7a monobloco de 5.700 mm e freio de giro eletr\u00f4nico, enquanto o chassi inferior possui sapatas de 600 mm e sistema de acionamento hidrost\u00e1tico de duas velocidades. <\/p>\n<p>O motor New Holland\/FPT Turboalimentado Tier 3 oferece controle eletr\u00f4nico avan\u00e7ado, dispositivos auto-idle e de desacelera\u00e7\u00e3o autom\u00e1tica. O sistema el\u00e9trico possui monitoramento eletr\u00f4nico, luzes de trabalho e alternador de 70 A. O sistema hidr\u00e1ulico, com controles ISO, modo auxiliar para acess\u00f3rios e duas bombas de pist\u00e3o de 211 l\/min, garante efici\u00eancia nas opera\u00e7\u00f5es. Recursos adicionais incluem lubrifica\u00e7\u00e3o centralizada para o bra\u00e7o monobloco e uma ca\u00e7amba GD de 1,3 m\u00b3.<\/p>\n","protected":false},"excerpt":{"rendered":"<p>A Escavadeira New Holland S\u00e9rie C EVO \u00e9 uma m\u00e1quina avan\u00e7ada, destacando-se por seu desempenho superior e efici\u00eancia energ\u00e9tica. Equipada com um novo sistema hidr\u00e1ulico aprimorado e um bra\u00e7o robusto do tipo HD, oferece durabilidade e efici\u00eancia. A cabine EVO certificada internacionalmente garante seguran\u00e7a, conforto e ampla visibilidade. O Equipamento Padr\u00e3o da Escavadeira New Holland [&hellip;]<\/p>\n","protected":false},"featured_media":611,"comment_status":"open","ping_status":"closed","template":"","meta":{"_acf_changed":false},"product_brand":[],"product_cat":[45,30],"product_tag":[],"class_list":{"0":"post-600","1":"product","2":"type-product","3":"status-publish","4":"has-post-thumbnail","6":"product_cat-escavadeiras","7":"product_cat-new-holland","9":"first","10":"instock","11":"shipping-taxable","12":"purchasable","13":"product-type-simple"},"acf":[],"_links":{"self":[{"href":"https:\/\/servel.com.br\/index.php?rest_route=\/wp\/v2\/product\/600","targetHints":{"allow":["GET"]}}],"collection":[{"href":"https:\/\/servel.com.br\/index.php?rest_route=\/wp\/v2\/product"}],"about":[{"href":"https:\/\/servel.com.br\/index.php?rest_route=\/wp\/v2\/types\/product"}],"replies":[{"embeddable":true,"href":"https:\/\/servel.com.br\/index.php?rest_route=%2Fwp%2Fv2%2Fcomments&post=600"}],"wp:featuredmedia":[{"embeddable":true,"href":"https:\/\/servel.com.br\/index.php?rest_route=\/wp\/v2\/media\/611"}],"wp:attachment":[{"href":"https:\/\/servel.com.br\/index.php?rest_route=%2Fwp%2Fv2%2Fmedia&parent=600"}],"wp:term":[{"taxonomy":"product_brand","embeddable":true,"href":"https:\/\/servel.com.br\/index.php?rest_route=%2Fwp%2Fv2%2Fproduct_brand&post=600"},{"taxonomy":"product_cat","embeddable":true,"href":"https:\/\/servel.com.br\/index.php?rest_route=%2Fwp%2Fv2%2Fproduct_cat&post=600"},{"taxonomy":"product_tag","embeddable":true,"href":"https:\/\/servel.com.br\/index.php?rest_route=%2Fwp%2Fv2%2Fproduct_tag&post=600"}],"curies":[{"name":"wp","href":"https:\/\/api.w.org\/{rel}","templated":true}]}}